{"id":3160,"date":"2026-04-08T13:57:21","date_gmt":"2026-04-08T13:57:21","guid":{"rendered":"https:\/\/www.micasabona.zona.digital\/?page_id=3160"},"modified":"2026-04-29T18:46:03","modified_gmt":"2026-04-29T16:46:03","slug":"envios-e-devolucoes","status":"publish","type":"page","link":"https:\/\/micasabona.es\/pt\/envios-y-devoluciones\/","title":{"rendered":"Envios e devolu\u00e7\u00f5es"},"content":{"rendered":"<div data-elementor-type=\"wp-page\" data-elementor-id=\"3160\" class=\"elementor elementor-3160\" data-elementor-post-type=\"page\">\n\t\t\t\t<div class=\"elementor-element elementor-element-6ff4581b thegem-e-con-layout-thegem e-flex e-con-boxed e-con e-parent\" data-id=\"6ff4581b\" data-element_type=\"container\" data-e-type=\"container\" data-settings=\"{&quot;thegem_container_layout&quot;:&quot;thegem&quot;}\">\r\n\t\t\t\t\t<div class=\"e-con-inner\">\r\n\t\t\t\t<div class=\"elementor-element elementor-element-77eb04f0 flex-horizontal-align-default flex-horizontal-align-tablet-default flex-horizontal-align-mobile-default flex-vertical-align-default flex-vertical-align-tablet-default flex-vertical-align-mobile-default elementor-widget elementor-widget-text-editor\" data-id=\"77eb04f0\" data-element_type=\"widget\" data-e-type=\"widget\" data-widget_type=\"text-editor.default\">\n\t\t\t\t\t\t\t\t\t\t\t\t<div class=\"elementor-text-editor elementor-clearfix\">\r\n\t\t\t\t\t\t\n<h3 class=\"wp-block-heading\">Envio da encomenda<\/h3>\n\n<p>Como norma geral, as encomendas s\u00e3o enviadas no prazo de 48 horas ap\u00f3s a rece\u00e7\u00e3o do pagamento, via UPS com n\u00famero de seguimento e entrega sem assinatura. Se preferir o envio certificado atrav\u00e9s de UPS Extra, ser\u00e1 cobrada uma taxa adicional. Contacte-nos antes de solicitar esta op\u00e7\u00e3o. Seja qual for a forma de envio que escolha, fornecer-lhe-emos um link para que possa acompanhar a sua encomenda online.<\/p>\n\n<p>Os portes de envio incluem os custos de manuseamento e embalagem, bem como os custos de postagem. Os custos de manuseamento t\u00eam um pre\u00e7o fixo, enquanto os custos de transporte podem variar de acordo com o peso total da encomenda. Aconselhamos que agrupe todos os seus artigos num \u00fanico pedido. N\u00e3o podemos combinar dois pedidos diferentes, e os portes de envio ser\u00e3o aplicados a cada um individualmente. N\u00e3o nos responsabilizamos por quaisquer danos que o seu pacote possa sofrer ap\u00f3s o envio, mas fazemos todos os esfor\u00e7os para proteger todos os itens fr\u00e1geis.<br \/><br \/>As caixas s\u00e3o grandes e os vossos artigos ficar\u00e3o bem protegidos.<\/p>\n\t\t\t\t\t\t\t<\/div>\r\n\t\t\t\t\t\t\t\t\t\t<\/div>\n\t\t\t\t\t<\/div>\n\t\t\t\t<\/div>\n\t\t\t\t<\/div>","protected":false},"excerpt":{"rendered":"<p>Env\u00edo del paquete Como norma general, los paquetes se env\u00edan dentro de las 48 horas siguientes a la recepci\u00f3n del&#8230;<\/p>","protected":false},"author":2,"featured_media":0,"parent":0,"menu_order":0,"comment_status":"closed","ping_status":"closed","template":"page-fullwidth.php","meta":{"_acf_changed":false,"footnotes":""},"class_list":["post-3160","page","type-page","status-publish"],"acf":[],"_links":{"self":[{"href":"https:\/\/micasabona.es\/pt\/wp-json\/wp\/v2\/pages\/3160","targetHints":{"allow":["GET"]}}],"collection":[{"href":"https:\/\/micasabona.es\/pt\/wp-json\/wp\/v2\/pages"}],"about":[{"href":"https:\/\/micasabona.es\/pt\/wp-json\/wp\/v2\/types\/page"}],"author":[{"embeddable":true,"href":"https:\/\/micasabona.es\/pt\/wp-json\/wp\/v2\/users\/2"}],"replies":[{"embeddable":true,"href":"https:\/\/micasabona.es\/pt\/wp-json\/wp\/v2\/comments?post=3160"}],"version-history":[{"count":4,"href":"https:\/\/micasabona.es\/pt\/wp-json\/wp\/v2\/pages\/3160\/revisions"}],"predecessor-version":[{"id":25433,"href":"https:\/\/micasabona.es\/pt\/wp-json\/wp\/v2\/pages\/3160\/revisions\/25433"}],"wp:attachment":[{"href":"https:\/\/micasabona.es\/pt\/wp-json\/wp\/v2\/media?parent=3160"}],"curies":[{"name":"wp","href":"https:\/\/api.w.org\/{rel}","templated":true}]}}