{"id":3170,"date":"2026-04-08T14:12:59","date_gmt":"2026-04-08T14:12:59","guid":{"rendered":"https:\/\/www.micasabona.zona.digital\/?page_id=3170"},"modified":"2026-04-23T08:55:05","modified_gmt":"2026-04-23T08:55:05","slug":"quienes-somos","status":"publish","type":"page","link":"https:\/\/micasabona.es\/pt\/quienes-somos\/","title":{"rendered":"Quem somos"},"content":{"rendered":"<div data-elementor-type=\"wp-page\" data-elementor-id=\"3170\" class=\"elementor elementor-3170\" data-elementor-post-type=\"page\">\n\t\t\t\t<div class=\"elementor-element elementor-element-58a22a4a thegem-e-con-layout-thegem e-flex e-con-boxed e-con e-parent\" data-id=\"58a22a4a\" data-element_type=\"container\" data-e-type=\"container\" data-settings=\"{&quot;thegem_container_layout&quot;:&quot;thegem&quot;}\">\r\n\t\t\t\t\t<div class=\"e-con-inner\">\r\n\t\t\t\t<div class=\"elementor-element elementor-element-1c29262d flex-horizontal-align-default flex-horizontal-align-tablet-default flex-horizontal-align-mobile-default flex-vertical-align-default flex-vertical-align-tablet-default flex-vertical-align-mobile-default elementor-widget elementor-widget-text-editor\" data-id=\"1c29262d\" data-element_type=\"widget\" data-e-type=\"widget\" data-widget_type=\"text-editor.default\">\n\t\t\t\t\t\t\t\t\t\t\t\t<div class=\"elementor-text-editor elementor-clearfix\">\r\n\t\t\t\t\t\t\n<p>En Bona nos dedicamos al tratamiento y cuidado de los suelos de madera. Nos comprometemos a proporcionar soluciones que mantengan la calidad perfecta de un suelo durante toda su vida \u00fatil.<\/p>\n\n<p>Debido a nuestra dedicaci\u00f3n y nuestra constante b\u00fasqueda de innovaciones, podemos ofrecer resultados duraderos y sostenibles tanto para instaladores profesionales, como para propietarios de suelos. Si se decide por Bona, usted estar\u00e1 tomando una elecci\u00f3n con una gran experiencia.<\/p>\n\n<p>Actualmente, Bona es l\u00edder mundial innovador con un \u00fanico sistema, y una presencia local en todo el mundo. Desde nuestra fundaci\u00f3n en 1919 nos hemos establecido en m\u00e1s de 50 pa\u00edses con sucursales y distribuidores.<\/p>\n\n<p>Nuestra misi\u00f3n siempre ha sido sacar lo mejor de los suelos de madera.\u00a0\u00c9sta es la esencia de nuestra forma de pensar y nuestra direcci\u00f3n hacia el futuro. En Bona nos preocupamos no s\u00f3lo por nuestra actividad (presente y futura), sino tambi\u00e9n por los que trabajan con nuestras soluciones, disfrutando y viviendo con ellas, as\u00ed como por\u00a0nuestros productos que son respetuosos con el medio ambiente.<\/p>\n\n<p>Nos esforzamos en desarrollar productos de mayor calidad pero siempre de inferior impacto medioambiental. Esto nos llev\u00f3 en los a\u00f1os 70 a introducir desde grandes novedades en\u00a0barnices al agua, hasta un revolucionario sistema de lijado sin polvo en el 2000.<\/p>\n\n<p>Hoy, estamos orgullosos de poder\u00a0ofrece una amplia gama de productos, que adem\u00e1s de respetuosos con el medio ambiente, han sido dise\u00f1ados para lijar, barnizar, pegar y mantener un parquet o suelo de madera a lo largo de toda su vida \u00fatil.<\/p>\n\t\t\t\t\t\t\t<\/div>\r\n\t\t\t\t\t\t\t\t\t\t<\/div>\n\t\t\t\t\t<\/div>\n\t\t\t\t<\/div>\n\t\t\t\t<\/div>","protected":false},"excerpt":{"rendered":"<p>En Bona nos dedicamos al tratamiento y cuidado de los suelos de madera. Nos comprometemos a proporcionar soluciones que mantengan&#8230;<\/p>","protected":false},"author":2,"featured_media":0,"parent":0,"menu_order":0,"comment_status":"closed","ping_status":"closed","template":"page-fullwidth.php","meta":{"_acf_changed":false,"footnotes":""},"class_list":["post-3170","page","type-page","status-publish"],"acf":[],"_links":{"self":[{"href":"https:\/\/micasabona.es\/pt\/wp-json\/wp\/v2\/pages\/3170","targetHints":{"allow":["GET"]}}],"collection":[{"href":"https:\/\/micasabona.es\/pt\/wp-json\/wp\/v2\/pages"}],"about":[{"href":"https:\/\/micasabona.es\/pt\/wp-json\/wp\/v2\/types\/page"}],"author":[{"embeddable":true,"href":"https:\/\/micasabona.es\/pt\/wp-json\/wp\/v2\/users\/2"}],"replies":[{"embeddable":true,"href":"https:\/\/micasabona.es\/pt\/wp-json\/wp\/v2\/comments?post=3170"}],"version-history":[{"count":5,"href":"https:\/\/micasabona.es\/pt\/wp-json\/wp\/v2\/pages\/3170\/revisions"}],"predecessor-version":[{"id":25278,"href":"https:\/\/micasabona.es\/pt\/wp-json\/wp\/v2\/pages\/3170\/revisions\/25278"}],"wp:attachment":[{"href":"https:\/\/micasabona.es\/pt\/wp-json\/wp\/v2\/media?parent=3170"}],"curies":[{"name":"wp","href":"https:\/\/api.w.org\/{rel}","templated":true}]}}