{"id":25447,"date":"2026-04-30T11:47:13","date_gmt":"2026-04-30T09:47:13","guid":{"rendered":"https:\/\/micasabona.es\/?post_type=product&#038;p=25447"},"modified":"2026-04-30T11:59:21","modified_gmt":"2026-04-30T09:59:21","slug":"renovador-para-parquet-y-tarima","status":"publish","type":"product","link":"https:\/\/micasabona.es\/pt\/producto\/renovador-para-parquet-y-tarima\/","title":{"rendered":"Renovador para Parquet y Tarima"},"content":{"rendered":"<p><strong>Producto de mantenimiento (1 L)<\/strong><\/p>\n<p>El Renovador para Parquet y Tarima Bona devuelve la belleza a los suelos de madera, aumenta el brillo y hace que los viejos suelos parezcan nuevos otra vez. La f\u00f3rmula de poliuretano aporta una protecci\u00f3n excelente y no contiene cera, lo que permite la aplicaci\u00f3n de barniz en el futuro. \u00a1Importante! Antes de usarlo, haz siempre una prueba de adhesi\u00f3n para asegurarte de obtener los resultados deseados. No lo utilices en suelos tratados previamente con cera o aceite.<\/p>\n<p class=\"_ani\"><strong>Caracter\u00edsticas<\/strong><\/p>\n<ul class=\"_ang\">\n<li class=\"_anh undefined\">Restaura el lustre y la belleza de los suelos de madera<\/li>\n<li class=\"_anh undefined\">Dise\u00f1ado espec\u00edficamente para suelos de madera barnizados<\/li>\n<li class=\"_anh undefined\">No contiene cera<\/li>\n<\/ul>\n<div class=\"_anf\"><\/div>","protected":false},"excerpt":{"rendered":"<p><strong>Producto de mantenimiento (1 L)<\/strong><\/p>\n<p>El Renovador para Parquet Bona es un producto de mantenimiento, listo para utilizar en suelos de madera barnizados. Reaviva las superficies con ara\u00f1azos y sin brillo y ofrece protecci\u00f3n continuada frente al desgaste.<\/p>","protected":false},"featured_media":25449,"comment_status":"open","ping_status":"closed","template":"","meta":{"_acf_changed":false},"product_brand":[],"product_cat":[23],"product_tag":[104],"class_list":{"0":"post-25447","1":"product","2":"type-product","3":"status-publish","4":"has-post-thumbnail","6":"product_cat-suelos-de-madera-aceitados","7":"product_tag-abrillantador-para-suelos","9":"first","10":"instock","11":"taxable","12":"shipping-taxable","13":"purchasable","14":"product-type-simple"},"acf":[],"_links":{"self":[{"href":"https:\/\/micasabona.es\/pt\/wp-json\/wp\/v2\/product\/25447","targetHints":{"allow":["GET"]}}],"collection":[{"href":"https:\/\/micasabona.es\/pt\/wp-json\/wp\/v2\/product"}],"about":[{"href":"https:\/\/micasabona.es\/pt\/wp-json\/wp\/v2\/types\/product"}],"replies":[{"embeddable":true,"href":"https:\/\/micasabona.es\/pt\/wp-json\/wp\/v2\/comments?post=25447"}],"version-history":[{"count":1,"href":"https:\/\/micasabona.es\/pt\/wp-json\/wp\/v2\/product\/25447\/revisions"}],"predecessor-version":[{"id":25456,"href":"https:\/\/micasabona.es\/pt\/wp-json\/wp\/v2\/product\/25447\/revisions\/25456"}],"wp:featuredmedia":[{"embeddable":true,"href":"https:\/\/micasabona.es\/pt\/wp-json\/wp\/v2\/media\/25449"}],"wp:attachment":[{"href":"https:\/\/micasabona.es\/pt\/wp-json\/wp\/v2\/media?parent=25447"}],"wp:term":[{"taxonomy":"product_brand","embeddable":true,"href":"https:\/\/micasabona.es\/pt\/wp-json\/wp\/v2\/product_brand?post=25447"},{"taxonomy":"product_cat","embeddable":true,"href":"https:\/\/micasabona.es\/pt\/wp-json\/wp\/v2\/product_cat?post=25447"},{"taxonomy":"product_tag","embeddable":true,"href":"https:\/\/micasabona.es\/pt\/wp-json\/wp\/v2\/product_tag?post=25447"}],"curies":[{"name":"wp","href":"https:\/\/api.w.org\/{rel}","templated":true}]}}