{"id":2963,"date":"2026-04-07T18:02:53","date_gmt":"2026-04-07T18:02:53","guid":{"rendered":"https:\/\/www.micasabona.zona.digital\/?post_type=product&#038;p=2963"},"modified":"2026-04-07T18:06:12","modified_gmt":"2026-04-07T18:06:12","slug":"bona-spray-mop-premium-para-suelos-laminados-y-superficies-duras","status":"publish","type":"product","link":"https:\/\/micasabona.es\/pt\/producto\/bona-spray-mop-premium-para-suelos-laminados-y-superficies-duras\/","title":{"rendered":"Mopa Pulverizadora Bona Premium para pavimentos laminados e superf\u00edcies duras"},"content":{"rendered":"<p>Ergon\u00f3mica y f\u00e1cil de usar, Bona Spray mop se monta f\u00e1cilmente y su f\u00f3rmula limpiadora esta especialmente dise\u00f1ada para la limpieza de suelos laminados y superficies duras. Olv\u00eddese de llenar y desplazar de un lado para otro el cubo y la fregona, Bona Spray Mop esta preparada para su uso, \u00a1solo pulverizar y limpiar!.<\/p>\n<h3>El Kit incluye:<\/h3>\n<p>\u2022 Spray Mop PRIMIUM.<br \/>\n\u2022 Cartucho rellenable de 850 ml para la limpieza de suelos laminados y baldosas.<br \/>\n\u2022 Recambio de mopa limpiador lavable a m\u00e1quina hasta 300 veces.<\/p>\n<h3>Caracter\u00edsticas:<\/h3>\n<p>\u2022 Especialmente desarrollado para laminados y superficies duras.<br \/>\n\u2022 Mediombientalmente saludable. Limpiador de PH neutro.<br \/>\n\u2022 Cartucho rellenable de limpiador.<br \/>\n\u2022 Dise\u00f1o ergon\u00f3mico.<br \/>\n\u2022 Cabezal giratorio para limpiar las zonas mas dif\u00edciles.<br \/>\n\u2022 Pad de limpieza lavable de microfibra.<\/p>\n<p>&nbsp;<\/p>\n<p>Descarregamentos:\u00a0<a href=\"https:\/\/micasabona.es\/pt\/upload\/fichas-tecnicas\/tds---bona-premium-spray-mop-for-hard-surface-floors-2402-1_es.pdf\/\" target=\"_blank\" rel=\"noreferrer noopener\">Ficha T\u00e9cnica<\/a><\/p>","protected":false},"excerpt":{"rendered":"<p><strong>La<\/strong>\u00a0<strong>Bona Spray Mop Premium para Suelos Laminados y Superficies Duras<\/strong>\u00a0le permite limpiar y mantener sus suelos laminados y superficies duras en una pasada. Es segura para su uso sobre suelos de piedra, de baldosas, laminados, de vinilo y de losetas vin\u00edlicas de lujo (LVT). La Bona Spray Mop es ergon\u00f3mica y f\u00e1cil de usar. Se monta y se rellena r\u00e1pidamente con el Lim\u00adpiador para Suelos Laminados y Superficies Duras Bona, especialmente desarrollado para ella. Olv\u00eddese de llenar cubos y a\u00f1adir un concentrado.<\/p>\n<p>Nuestras Bona Spray Mop Premium est\u00e1n especialmente dise\u00f1adas para funcionar a la perfecci\u00f3n con los limpiadores Bona, lo que garantiza unos suelos impecables. El uso de otros limpiadores o de agua corriente podr\u00eda da\u00f1ar sus suelos y reducir la eficacia de la mopa.<\/p>","protected":false},"featured_media":2966,"comment_status":"open","ping_status":"closed","template":"","meta":{"_acf_changed":false},"product_brand":[],"product_cat":[20],"product_tag":[],"class_list":{"0":"post-2963","1":"product","2":"type-product","3":"status-publish","4":"has-post-thumbnail","6":"product_cat-suelos-laminados-y-superficies-duras","8":"first","9":"instock","10":"taxable","11":"shipping-taxable","12":"purchasable","13":"product-type-simple"},"acf":[],"_links":{"self":[{"href":"https:\/\/micasabona.es\/pt\/wp-json\/wp\/v2\/product\/2963","targetHints":{"allow":["GET"]}}],"collection":[{"href":"https:\/\/micasabona.es\/pt\/wp-json\/wp\/v2\/product"}],"about":[{"href":"https:\/\/micasabona.es\/pt\/wp-json\/wp\/v2\/types\/product"}],"replies":[{"embeddable":true,"href":"https:\/\/micasabona.es\/pt\/wp-json\/wp\/v2\/comments?post=2963"}],"version-history":[{"count":1,"href":"https:\/\/micasabona.es\/pt\/wp-json\/wp\/v2\/product\/2963\/revisions"}],"predecessor-version":[{"id":2964,"href":"https:\/\/micasabona.es\/pt\/wp-json\/wp\/v2\/product\/2963\/revisions\/2964"}],"wp:featuredmedia":[{"embeddable":true,"href":"https:\/\/micasabona.es\/pt\/wp-json\/wp\/v2\/media\/2966"}],"wp:attachment":[{"href":"https:\/\/micasabona.es\/pt\/wp-json\/wp\/v2\/media?parent=2963"}],"wp:term":[{"taxonomy":"product_brand","embeddable":true,"href":"https:\/\/micasabona.es\/pt\/wp-json\/wp\/v2\/product_brand?post=2963"},{"taxonomy":"product_cat","embeddable":true,"href":"https:\/\/micasabona.es\/pt\/wp-json\/wp\/v2\/product_cat?post=2963"},{"taxonomy":"product_tag","embeddable":true,"href":"https:\/\/micasabona.es\/pt\/wp-json\/wp\/v2\/product_tag?post=2963"}],"curies":[{"name":"wp","href":"https:\/\/api.w.org\/{rel}","templated":true}]}}