{"id":2967,"date":"2026-04-07T18:12:14","date_gmt":"2026-04-07T18:12:14","guid":{"rendered":"https:\/\/www.micasabona.zona.digital\/?post_type=product&#038;p=2967"},"modified":"2026-04-08T09:40:04","modified_gmt":"2026-04-08T09:40:04","slug":"botella-de-limpiador-para-suelos-laminados-y-superficies-duras-bona","status":"publish","type":"product","link":"https:\/\/micasabona.es\/pt\/producto\/botella-de-limpiador-para-suelos-laminados-y-superficies-duras-bona\/","title":{"rendered":"Garrafa de Limpador para Soalho Laminado e Superf\u00edcies Duradouras Bona"},"content":{"rendered":"<div class=\"_dt\">\n<div class=\"_eb _d2\">\n<div class=\"_lo\">\n<p>El Limpiador Bona para Suelos laminados y superficies duras es de uso sencillo y r\u00e1pido, seguro y eficaz en superficies duras. La f\u00f3rmula sin aclarado no deja residuos y limpia eficazmente las superficies duras, eliminando el polvo, la tierra y la suciedad, y deja el suelo limpio y resplandeciente. Especialmente formulado para vinilo de dise\u00f1o, LVT, LVP, lin\u00f3leo, piedra, terrazo, vinilo, m\u00e1rmol poroso sellado, laminados y baldosas selladas sin encerar (cer\u00e1mica, terracota de Saltillo y gres). Gracias a su botella recargable no hay que comprar una botella nueva cada vez que se acaba el limpiador. Las soluciones al agua y la certificaci\u00f3n GREENGUARD GOLD garantizan un producto seguro para tu familia, mascotas y nuestro planeta.<\/p>\n<\/div>\n<\/div>\n<div class=\"_eb _dy\">\n<h3 class=\"_lm\">Caracter\u00edsticas<\/h3>\n<ul class=\"_lk\">\n<li class=\"_ll undefined\">Listo para usar: solo hay que rociar y pasar la mopa. Sin necesidad de cubo ni mezclas para una limpieza eficaz y sin residuos<\/li>\n<li class=\"_ll undefined\">Un dise\u00f1o recargable tiene sentido<\/li>\n<li class=\"_ll undefined\">Recomendado por profesionales desde 1919<\/li>\n<\/ul>\n<\/div>\n<\/div>\n<p>&nbsp;<\/p>\n<p>Descarregamentos:\u00a0<a href=\"https:\/\/micasabona.es\/pt\/upload\/fichas-tecnicas\/tds---bona-hard-surface-floor-cleaner-850ml-refillable-bottle-2404_es.pdf\/\" target=\"_blank\" rel=\"noreferrer noopener\">Ficha T\u00e9cnica<\/a><\/p>","protected":false},"excerpt":{"rendered":"<p class=\"_k_\"><strong>Tama\u00f1o: 850 ml<\/strong><\/p>\n<p><strong>Botella de Limpiador de Suelos laminados y Superficies Duras Bona<\/strong>\u00a0se utiliza con la Spray Mop Premium para Suelos laminados y superficies duras Bona. Su f\u00f3rmula sin aclarado no deja residuos y limpia eficazmente las superficies duras eliminando el polvo, la tierra y la suciedad.<\/p>","protected":false},"featured_media":2973,"comment_status":"open","ping_status":"closed","template":"","meta":{"_acf_changed":false},"product_brand":[],"product_cat":[20],"product_tag":[101],"class_list":{"0":"post-2967","1":"product","2":"type-product","3":"status-publish","4":"has-post-thumbnail","6":"product_cat-suelos-laminados-y-superficies-duras","7":"product_tag-limpiadores-de-suelos","9":"first","10":"instock","11":"taxable","12":"shipping-taxable","13":"purchasable","14":"product-type-simple"},"acf":[],"_links":{"self":[{"href":"https:\/\/micasabona.es\/pt\/wp-json\/wp\/v2\/product\/2967","targetHints":{"allow":["GET"]}}],"collection":[{"href":"https:\/\/micasabona.es\/pt\/wp-json\/wp\/v2\/product"}],"about":[{"href":"https:\/\/micasabona.es\/pt\/wp-json\/wp\/v2\/types\/product"}],"replies":[{"embeddable":true,"href":"https:\/\/micasabona.es\/pt\/wp-json\/wp\/v2\/comments?post=2967"}],"version-history":[{"count":1,"href":"https:\/\/micasabona.es\/pt\/wp-json\/wp\/v2\/product\/2967\/revisions"}],"predecessor-version":[{"id":2975,"href":"https:\/\/micasabona.es\/pt\/wp-json\/wp\/v2\/product\/2967\/revisions\/2975"}],"wp:featuredmedia":[{"embeddable":true,"href":"https:\/\/micasabona.es\/pt\/wp-json\/wp\/v2\/media\/2973"}],"wp:attachment":[{"href":"https:\/\/micasabona.es\/pt\/wp-json\/wp\/v2\/media?parent=2967"}],"wp:term":[{"taxonomy":"product_brand","embeddable":true,"href":"https:\/\/micasabona.es\/pt\/wp-json\/wp\/v2\/product_brand?post=2967"},{"taxonomy":"product_cat","embeddable":true,"href":"https:\/\/micasabona.es\/pt\/wp-json\/wp\/v2\/product_cat?post=2967"},{"taxonomy":"product_tag","embeddable":true,"href":"https:\/\/micasabona.es\/pt\/wp-json\/wp\/v2\/product_tag?post=2967"}],"curies":[{"name":"wp","href":"https:\/\/api.w.org\/{rel}","templated":true}]}}