{"id":2976,"date":"2026-04-07T18:14:23","date_gmt":"2026-04-07T18:14:23","guid":{"rendered":"https:\/\/www.micasabona.zona.digital\/?post_type=product&#038;p=2976"},"modified":"2026-04-08T09:47:31","modified_gmt":"2026-04-08T09:47:31","slug":"recarga-de-limpiador-para-suelos-laminados-y-superficies-duras-bona-4l","status":"publish","type":"product","link":"https:\/\/micasabona.es\/pt\/producto\/recarga-de-limpiador-para-suelos-laminados-y-superficies-duras-bona-4l\/","title":{"rendered":"Recarga de Limpador para Pisos Laminados e Superf\u00edcies Duras Bona 4L"},"content":{"rendered":"<p>Facilita la limpieza diaria de los suelos sucios. Compatible con el Restaurador de Baldosas y Suelos Laminados Bona.<\/p>\n<p>Tama\u00f1os disponibles:<br \/>\n1 L y rellenable de 4 L<\/p>\n<h3><strong>Caracter\u00edsticas:<\/strong><\/h3>\n<ul>\n<li>Dise\u00f1ado espec\u00edficamente para suelos laminados cer\u00e1micos, gress, vinilo y baldosas.<\/li>\n<li>Compatible con el Restaurador para Baldosas y Laminados Bona.<\/li>\n<li>F\u00e1cil y listo para utilizar<\/li>\n<\/ul>\n<h3><strong>Contenido del producto:<\/strong><\/h3>\n<ul>\n<li>AGUA<\/li>\n<li>Alcohol alcoxilado de cadena larga (C10)<\/li>\n<li>PPG-2 METIL \u00c9TER<\/li>\n<li>Alcohol etoxilado<\/li>\n<li>PROPILENO GLICOL PROPIL \u00c9TER<\/li>\n<li>Alanina, N,N-bis(carboximetil)-, sal trisodio<\/li>\n<li>Pol\u00edmero<\/li>\n<li>\u00c1cido c\u00edtrico<\/li>\n<li>Perfume<\/li>\n<li>BENCISOTIAZOLINONA<\/li>\n<li>HIDR\u00d3XIDO DE SODIO<\/li>\n<li>Colorante<\/li>\n<\/ul>\n<p>&nbsp;<\/p>\n<p>Descargas :\u00a0<a href=\"https:\/\/micasabona.es\/pt\/upload\/fichas-tecnicas\/tds---bona-hard-surface-floor-cleaner-4--2.5-litre-refill-2404_es.pdf\/\" target=\"_blank\" rel=\"noreferrer noopener\">Ficha T\u00e9cnica<\/a><\/p>","protected":false},"excerpt":{"rendered":"<p><strong>Recambio limpiador en formato econ\u00f3mico<\/strong>\u00a0destinado a suelos laminados y superficies duras. Su f\u00f3rmula, exenta de aclarado, no deja residuos y limpia eficazmente los suelos de superficies de madera, vinilos, LTVT, LVP, piedra, terraza, m\u00e1rmol y baldosas selladas sin encerar. Limpia de forma eficaz, eliminando el polvo, la tierra y suciedad.<\/p>\n<p>Este limpiador con base biol\u00f3gica lo que significa que su formulaci\u00f3n han sido espec\u00edficamente dise\u00f1adas con ingredientes de origen vegetal y contienen m\u00e1s de un 90 % de componentes biol\u00f3gicos.<\/p>","protected":false},"featured_media":2981,"comment_status":"open","ping_status":"closed","template":"","meta":{"_acf_changed":false},"product_brand":[],"product_cat":[20],"product_tag":[102],"class_list":{"0":"post-2976","1":"product","2":"type-product","3":"status-publish","4":"has-post-thumbnail","6":"product_cat-suelos-laminados-y-superficies-duras","7":"product_tag-recargas","9":"first","10":"instock","11":"taxable","12":"shipping-taxable","13":"purchasable","14":"product-type-simple"},"acf":[],"_links":{"self":[{"href":"https:\/\/micasabona.es\/pt\/wp-json\/wp\/v2\/product\/2976","targetHints":{"allow":["GET"]}}],"collection":[{"href":"https:\/\/micasabona.es\/pt\/wp-json\/wp\/v2\/product"}],"about":[{"href":"https:\/\/micasabona.es\/pt\/wp-json\/wp\/v2\/types\/product"}],"replies":[{"embeddable":true,"href":"https:\/\/micasabona.es\/pt\/wp-json\/wp\/v2\/comments?post=2976"}],"version-history":[{"count":2,"href":"https:\/\/micasabona.es\/pt\/wp-json\/wp\/v2\/product\/2976\/revisions"}],"predecessor-version":[{"id":2983,"href":"https:\/\/micasabona.es\/pt\/wp-json\/wp\/v2\/product\/2976\/revisions\/2983"}],"wp:featuredmedia":[{"embeddable":true,"href":"https:\/\/micasabona.es\/pt\/wp-json\/wp\/v2\/media\/2981"}],"wp:attachment":[{"href":"https:\/\/micasabona.es\/pt\/wp-json\/wp\/v2\/media?parent=2976"}],"wp:term":[{"taxonomy":"product_brand","embeddable":true,"href":"https:\/\/micasabona.es\/pt\/wp-json\/wp\/v2\/product_brand?post=2976"},{"taxonomy":"product_cat","embeddable":true,"href":"https:\/\/micasabona.es\/pt\/wp-json\/wp\/v2\/product_cat?post=2976"},{"taxonomy":"product_tag","embeddable":true,"href":"https:\/\/micasabona.es\/pt\/wp-json\/wp\/v2\/product_tag?post=2976"}],"curies":[{"name":"wp","href":"https:\/\/api.w.org\/{rel}","templated":true}]}}