{"id":2984,"date":"2026-04-07T18:33:52","date_gmt":"2026-04-07T18:33:52","guid":{"rendered":"https:\/\/www.micasabona.zona.digital\/?post_type=product&#038;p=2984"},"modified":"2026-04-07T18:33:53","modified_gmt":"2026-04-07T18:33:53","slug":"limpiador-para-suelos-laminados-y-superficies-duras-bona","status":"publish","type":"product","link":"https:\/\/micasabona.es\/pt\/producto\/limpiador-para-suelos-laminados-y-superficies-duras-bona\/","title":{"rendered":"Limpeza para Pisos Laminados e Superf\u00edcies Duras Bona"},"content":{"rendered":"<p><strong>Informaci\u00f3n:<\/strong><\/p>\n<p>Facilita la limpieza diaria de los suelos sucios. Compatible con el Restaurador de superficies duras y Suelos Laminados Bona.<\/p>\n<p><strong>Tama\u00f1os disponibles:<\/strong><\/p>\n<p>1 L y rellenable de 4 L<\/p>\n<p><strong>Caracter\u00edsticas:<\/strong><\/p>\n<ul>\n<li>Dise\u00f1ado espec\u00edficamente para suelos laminados cer\u00e1micos, gress, vinilo y baldosas.<\/li>\n<li>Compatible con el Restaurador para Baldosas y Laminados Bona.<\/li>\n<li>F\u00e1cil y listo para utilizar<\/li>\n<\/ul>\n<p><strong>Contenido del producto:<\/strong><\/p>\n<ul>\n<li>AGUA<\/li>\n<li>Alcohol alcoxilado de cadena larga (C10)<\/li>\n<li>PPG-2 METIL \u00c9TER<\/li>\n<li>Alcohol etoxilado<\/li>\n<li>PROPILENO GLICOL PROPIL \u00c9TER<\/li>\n<li>Alanina, N,N-bis(carboximetil)-, sal trisodio<\/li>\n<li>Pol\u00edmero<\/li>\n<li>\u00c1cido c\u00edtrico<\/li>\n<li>Perfume<\/li>\n<li>BENCISOTIAZOLINONA<\/li>\n<li>HIDR\u00d3XIDO DE SODIO<\/li>\n<li>Colorante<\/li>\n<\/ul>\n<p>&nbsp;<\/p>\n<p>Descarregamentos:\u00a0<a href=\"https:\/\/micasabona.es\/pt\/upload\/fichas-tecnicas\/tds---bona-hard-surface-floor-cleaner-850ml-refillable-bottle-2404_es.pdf\/\" target=\"_blank\" rel=\"noreferrer noopener\">Ficha T\u00e9cnica<\/a><\/p>\n<p>&nbsp;<\/p>","protected":false},"excerpt":{"rendered":"<p><strong>El Limpiador de Superficies Duras y Suelos Laminados Bona<\/strong>\u00a0es un detergente con pH neutro\u00a0dise\u00f1ado para eliminar las manchas m\u00e1s resistentes sobre suelos laminados de madera y otro tipo de superficies duras como m\u00e1rmol, suelos vin\u00edlicos, suelos cer\u00e1micos, de gres, etc.<\/p>\n<p>Este limpiador con base biol\u00f3gica lo que significa que su formulaci\u00f3n han sido espec\u00edficamente dise\u00f1adas con ingredientes de origen vegetal y contienen m\u00e1s de un 90 % de componentes biol\u00f3gicos.<\/p>","protected":false},"featured_media":2987,"comment_status":"open","ping_status":"closed","template":"","meta":{"_acf_changed":false},"product_brand":[],"product_cat":[20],"product_tag":[],"class_list":{"0":"post-2984","1":"product","2":"type-product","3":"status-publish","4":"has-post-thumbnail","6":"product_cat-suelos-laminados-y-superficies-duras","8":"first","9":"instock","10":"taxable","11":"shipping-taxable","12":"purchasable","13":"product-type-simple"},"acf":[],"_links":{"self":[{"href":"https:\/\/micasabona.es\/pt\/wp-json\/wp\/v2\/product\/2984","targetHints":{"allow":["GET"]}}],"collection":[{"href":"https:\/\/micasabona.es\/pt\/wp-json\/wp\/v2\/product"}],"about":[{"href":"https:\/\/micasabona.es\/pt\/wp-json\/wp\/v2\/types\/product"}],"replies":[{"embeddable":true,"href":"https:\/\/micasabona.es\/pt\/wp-json\/wp\/v2\/comments?post=2984"}],"version-history":[{"count":1,"href":"https:\/\/micasabona.es\/pt\/wp-json\/wp\/v2\/product\/2984\/revisions"}],"predecessor-version":[{"id":2988,"href":"https:\/\/micasabona.es\/pt\/wp-json\/wp\/v2\/product\/2984\/revisions\/2988"}],"wp:featuredmedia":[{"embeddable":true,"href":"https:\/\/micasabona.es\/pt\/wp-json\/wp\/v2\/media\/2987"}],"wp:attachment":[{"href":"https:\/\/micasabona.es\/pt\/wp-json\/wp\/v2\/media?parent=2984"}],"wp:term":[{"taxonomy":"product_brand","embeddable":true,"href":"https:\/\/micasabona.es\/pt\/wp-json\/wp\/v2\/product_brand?post=2984"},{"taxonomy":"product_cat","embeddable":true,"href":"https:\/\/micasabona.es\/pt\/wp-json\/wp\/v2\/product_cat?post=2984"},{"taxonomy":"product_tag","embeddable":true,"href":"https:\/\/micasabona.es\/pt\/wp-json\/wp\/v2\/product_tag?post=2984"}],"curies":[{"name":"wp","href":"https:\/\/api.w.org\/{rel}","templated":true}]}}