{"id":2989,"date":"2026-04-07T18:38:55","date_gmt":"2026-04-07T18:38:55","guid":{"rendered":"https:\/\/www.micasabona.zona.digital\/?post_type=product&#038;p=2989"},"modified":"2026-04-08T09:50:03","modified_gmt":"2026-04-08T09:50:03","slug":"restaurador-para-suelos-laminados-y-superficies-duras-bona","status":"publish","type":"product","link":"https:\/\/micasabona.es\/pt\/producto\/restaurador-para-suelos-laminados-y-superficies-duras-bona\/","title":{"rendered":"Restaurador para pisos laminados e superf\u00edcies duras Bona"},"content":{"rendered":"<p><strong>Proporciona un nuevo aspecto al mismo tiempo que ofrece una protecci\u00f3n continuada frente al desgaste.<\/strong><\/p>\n<h3>\u00a1Importante!<\/h3>\n<p>Antes de utilizarlo, haga siempre una prueba para comprobar la adherencia y que se obtienen los resultados deseados. No lo utilice en suelos tratados previamente con cera o aceite. Aseg\u00farese de que la habitaci\u00f3n est\u00e9 a una temperatura ambiente de 18-25\u00b0C.<\/p>\n<p>Tama\u00f1os disponibles:\u00a01 l<\/p>\n<h3>Caracter\u00edsticas:<\/h3>\n<p>\u2022 Con una f\u00f3rmula especial para que sea f\u00e1cil de utilizar y conseguir un resultado m\u00e1s homog\u00e9neo.<br \/>\n\u2022 Contiene poliuretano para una mayor durabilidad.<br \/>\n\u2022 Buena resistencia a las rozaduras y ralladuras.<\/p>\n<p>&nbsp;<\/p>\n<p>Descarregamentos:\u00a0<a href=\"https:\/\/micasabona.es\/pt\/upload\/fichas-tecnicas\/tds---bona-hard-surface-floor-polish-2404_es.pdf\/\" target=\"_blank\" rel=\"noreferrer noopener\">Ficha T\u00e9cnica<\/a><\/p>","protected":false},"excerpt":{"rendered":"<div id=\"product-description-short-13\">\n<p><strong>El Renovador de Suelos Laminados y superficies duras Bona<\/strong>\u00a0es un producto de mantenimiento brillante listo para utilizar para una gran variedad de superficies duras como pisos laminados, de vinilo, de lin\u00f3leo, baldosas sin esmaltar (cer\u00e1micas, losetas), piedras y m\u00e1rmol sellado.<\/p>\n<\/div>\n<div class=\"product-actions\">\n<form id=\"add-to-cart-or-refresh\" action=\"https:\/\/micasabona.es\/pt\/carro-de-la-compra\/\" method=\"post\" data-trp-original-action=\"https:\/\/micasabona.es\/es\/carro-de-la-compra\">\n<div class=\"product-variants\"><\/div>\n<div class=\"product-add-to-cart flex-container\">\n<div class=\"product-quantity flex-container\">\n<div class=\"qty\">\n<div class=\"input-group bootstrap-touchspin\"><\/div>\n<\/div>\n<\/div>\n<\/div>\n<input type=\"hidden\" name=\"trp-form-language\" value=\"pt\"\/><\/form>\n<\/div>","protected":false},"featured_media":2990,"comment_status":"open","ping_status":"closed","template":"","meta":{"_acf_changed":false},"product_brand":[],"product_cat":[20],"product_tag":[104],"class_list":{"0":"post-2989","1":"product","2":"type-product","3":"status-publish","4":"has-post-thumbnail","6":"product_cat-suelos-laminados-y-superficies-duras","7":"product_tag-abrillantador-para-suelos","9":"first","10":"instock","11":"taxable","12":"shipping-taxable","13":"purchasable","14":"product-type-simple"},"acf":[],"_links":{"self":[{"href":"https:\/\/micasabona.es\/pt\/wp-json\/wp\/v2\/product\/2989","targetHints":{"allow":["GET"]}}],"collection":[{"href":"https:\/\/micasabona.es\/pt\/wp-json\/wp\/v2\/product"}],"about":[{"href":"https:\/\/micasabona.es\/pt\/wp-json\/wp\/v2\/types\/product"}],"replies":[{"embeddable":true,"href":"https:\/\/micasabona.es\/pt\/wp-json\/wp\/v2\/comments?post=2989"}],"version-history":[{"count":1,"href":"https:\/\/micasabona.es\/pt\/wp-json\/wp\/v2\/product\/2989\/revisions"}],"predecessor-version":[{"id":2995,"href":"https:\/\/micasabona.es\/pt\/wp-json\/wp\/v2\/product\/2989\/revisions\/2995"}],"wp:featuredmedia":[{"embeddable":true,"href":"https:\/\/micasabona.es\/pt\/wp-json\/wp\/v2\/media\/2990"}],"wp:attachment":[{"href":"https:\/\/micasabona.es\/pt\/wp-json\/wp\/v2\/media?parent=2989"}],"wp:term":[{"taxonomy":"product_brand","embeddable":true,"href":"https:\/\/micasabona.es\/pt\/wp-json\/wp\/v2\/product_brand?post=2989"},{"taxonomy":"product_cat","embeddable":true,"href":"https:\/\/micasabona.es\/pt\/wp-json\/wp\/v2\/product_cat?post=2989"},{"taxonomy":"product_tag","embeddable":true,"href":"https:\/\/micasabona.es\/pt\/wp-json\/wp\/v2\/product_tag?post=2989"}],"curies":[{"name":"wp","href":"https:\/\/api.w.org\/{rel}","templated":true}]}}