{"id":2996,"date":"2026-04-07T18:45:45","date_gmt":"2026-04-07T18:45:45","guid":{"rendered":"https:\/\/www.micasabona.zona.digital\/?post_type=product&#038;p=2996"},"modified":"2026-04-29T21:48:41","modified_gmt":"2026-04-29T19:48:41","slug":"limpiador-para-limpieza-profunda-de-suelos-laminados-y-superficies-duras-bona-pet-system","status":"publish","type":"product","link":"https:\/\/micasabona.es\/pt\/producto\/limpiador-para-limpieza-profunda-de-suelos-laminados-y-superficies-duras-bona-pet-system\/","title":{"rendered":"Limpador para Limpeza Profunda de Pisos Laminados e Superf\u00edcies Duras Bona Pet System\u2122"},"content":{"rendered":"<h3><strong>CARACTER\u00cdSTICAS DESTACADAS<\/strong><\/h3>\n<ul>\n<li>Impulsado por per\u00f3xido de hidr\u00f3geno para una limpieza m\u00e1s profunda<\/li>\n<li>Odour Guard Technology\u2122 elimina y neutraliza los olores<\/li>\n<li>Listo para usar, s\u00f3lo pulverizar y extender; Seca r\u00e1pido y sin dejar residuos<\/li>\n<li>Espec\u00edficamente dise\u00f1ado para suelos laminados, de vinilo y de baldosas<\/li>\n<li>Recomendado por profesionales desde 1919<\/li>\n<\/ul>\n<p>&nbsp;<\/p>\n<p>Rel\u00e1jese, Bona le facilita el cuidado de sus suelos de superficie dura. Cuando se trata de limpiar la suciedad de nuestros amigos peludos, recurra a la marca en la que conf\u00edan los profesionales de la limpieza de suelos desde 1919. El limpiador de suelos oxigenado de Bona limpia en profundidad y penetra a trav\u00e9s de las manchas adheridas, la suciedad incrustrada y los accidentes de sus mascotas, con el poder limpiador del per\u00f3xido de hidr\u00f3geno. La tecnolog\u00eda Odour Guard Technology\u2122 elimina y neutraliza la orina y otros olores org\u00e1nicos al contacto. Ama tus suelos con Bona. Soluciones sostenibles para un hogar m\u00e1s limpio y saludable.<\/p>\n<p>&nbsp;<\/p>\n<p>Descarregamentos:\u00a0<a href=\"https:\/\/micasabona.es\/pt\/upload\/fichas-tecnicas\/tds---bona-pet-system-hard-surface-deep-cleaner-2402_es.pdf\/\" target=\"_blank\" rel=\"noreferrer noopener\">Ficha T\u00e9cnica<\/a><\/p>","protected":false},"excerpt":{"rendered":"<p><strong>Botella pulverizadora (1 L)<\/strong><\/p>\n<p>Si tiene mascotas, Bona Pet System es la soluci\u00f3n completa para cuidar y mantener sus suelos lo m\u00e1s limpios posibles. El recambio Limpiador para Limpieza en Profundidad para Suelos Laminados y Superficies Duras Bona Pet System se ha dise\u00f1ado de forma espec\u00edfica para limpiar de forma segura y eficaz suelos de piedra sellados, suelos de baldosas, laminados, de vinilo y LVT.<\/p>\n<p>EL Limpiador para Limpieza Profunda de Suelos Laminados y Superficies Duras Bona Pet System\u2122 ofrece una soluci\u00f3n oxigenada que limpia en profundidad y penetra en las manchas dif\u00edciles e incrustadas, en la suciedad de las mascotas y neutraliza los olores de los accidentes.<\/p>","protected":false},"featured_media":3003,"comment_status":"open","ping_status":"closed","template":"","meta":{"_acf_changed":false},"product_brand":[],"product_cat":[20],"product_tag":[100],"class_list":{"0":"post-2996","1":"product","2":"type-product","3":"status-publish","4":"has-post-thumbnail","6":"product_cat-suelos-laminados-y-superficies-duras","7":"product_tag-mascotas","9":"first","10":"instock","11":"taxable","12":"shipping-taxable","13":"purchasable","14":"product-type-simple"},"acf":[],"_links":{"self":[{"href":"https:\/\/micasabona.es\/pt\/wp-json\/wp\/v2\/product\/2996","targetHints":{"allow":["GET"]}}],"collection":[{"href":"https:\/\/micasabona.es\/pt\/wp-json\/wp\/v2\/product"}],"about":[{"href":"https:\/\/micasabona.es\/pt\/wp-json\/wp\/v2\/types\/product"}],"replies":[{"embeddable":true,"href":"https:\/\/micasabona.es\/pt\/wp-json\/wp\/v2\/comments?post=2996"}],"version-history":[{"count":1,"href":"https:\/\/micasabona.es\/pt\/wp-json\/wp\/v2\/product\/2996\/revisions"}],"predecessor-version":[{"id":3006,"href":"https:\/\/micasabona.es\/pt\/wp-json\/wp\/v2\/product\/2996\/revisions\/3006"}],"wp:featuredmedia":[{"embeddable":true,"href":"https:\/\/micasabona.es\/pt\/wp-json\/wp\/v2\/media\/3003"}],"wp:attachment":[{"href":"https:\/\/micasabona.es\/pt\/wp-json\/wp\/v2\/media?parent=2996"}],"wp:term":[{"taxonomy":"product_brand","embeddable":true,"href":"https:\/\/micasabona.es\/pt\/wp-json\/wp\/v2\/product_brand?post=2996"},{"taxonomy":"product_cat","embeddable":true,"href":"https:\/\/micasabona.es\/pt\/wp-json\/wp\/v2\/product_cat?post=2996"},{"taxonomy":"product_tag","embeddable":true,"href":"https:\/\/micasabona.es\/pt\/wp-json\/wp\/v2\/product_tag?post=2996"}],"curies":[{"name":"wp","href":"https:\/\/api.w.org\/{rel}","templated":true}]}}