{"id":3012,"date":"2026-04-07T19:00:14","date_gmt":"2026-04-07T19:00:14","guid":{"rendered":"https:\/\/www.micasabona.zona.digital\/?post_type=product&#038;p=3012"},"modified":"2026-04-08T09:57:13","modified_gmt":"2026-04-08T09:57:13","slug":"bona-limpiasuelos-de-superficies-duras-para-robots","status":"publish","type":"product","link":"https:\/\/micasabona.es\/pt\/producto\/bona-limpiasuelos-de-superficies-duras-para-robots\/","title":{"rendered":"Cera Limpa-Pavimentos para Robots para Superf\u00edcies Duras"},"content":{"rendered":"<h3><strong>Informaci\u00f3n<\/strong><\/h3>\n<p>Los instaladores de suelos est\u00e1n de acuerdo en que lo mejor para el cuidado de suelos duros es Bona. El Limpiador de Suelos Duros de Bona est\u00e1 ahora disponible en una soluci\u00f3n especialmente formulada y dise\u00f1ada para su uso con la mayor\u00eda de robots friegasuelos y aspiradoras multiusos verticales para mejorar el rendimiento de la limpieza. Esta f\u00f3rmula concentrada \u00fanica, con ingredientes de base biol\u00f3gica, est\u00e1 especialmente desarrollada para una limpieza f\u00e1cil, segura y eficaz de superficies duras selladas, como baldosas de cer\u00e1mica, laminado, lin\u00f3leo, vinilo, m\u00e1rmol y otros, para dejar sus suelos limpios y bonitos. F\u00f3rmula especialmente dise\u00f1ada sin aclarado y sin rayas que limpia eficazmente las superficies duras eliminando el polvo, la suciedad y las manchas.\u00a0<strong>Presuma de suelos con Bona.<\/strong><\/p>\n<p><strong>Soluciones a base de agua con certificaci\u00f3n Greenguard Gold y pH equilibrado para limpiar de forma segura y eficaz los suelos de superficie dura.<\/strong><\/p>\n<p><strong><em>*Seg\u00fan ASTM D6866<\/em><\/strong><\/p>\n<h3><strong>Caracter\u00edsticas<\/strong><\/h3>\n<ul>\n<li>Especialmente formulado para su uso con la mayor\u00eda de robots friegasuelos y aspiradoras multiusos verticales para aumentar el rendimiento de la limpieza.<\/li>\n<li>F\u00f3rmula concentrada &#8211; debe mezclarse con agua en una proporci\u00f3n de 1:20 antes de su uso. Para 200 ml de agua, a\u00f1ada un m\u00e1ximo de 10 ml de limpiador de suelos.<\/li>\n<li>Suelos m\u00e1s limpios &#8211; se seca r\u00e1pidamente, dejando los suelos relucientes, sin rayas ni residuos.<\/li>\n<li>Seguro para suelos de superficie dura &#8211; pH equilibrado, seguro para todos los suelos de superficie dura sellados, incluyendo baldosas cer\u00e1micas, laminado, lin\u00f3leo, vinilo, m\u00e1rmol etc..<\/li>\n<li>Nueva f\u00f3rmula de base biol\u00f3gica: la f\u00f3rmula limpiadora de base acuosa est\u00e1 elaborada con ingredientes de origen vegetal y contiene m\u00e1s de un 90% de ingredientes de base biol\u00f3gica*, adem\u00e1s de contar con la certificaci\u00f3n GREENGUARD GOLD.<\/li>\n<li>Aroma de lim\u00f3n y menta &#8211; infundido con aceite esencial de lim\u00f3n y aroma de menta, una explosi\u00f3n de verbena c\u00edtrica fresca y lim\u00f3n Meyer junto con hojas de menta cubiertas de roc\u00edo y sutiles aspectos florales.<\/li>\n<\/ul>\n<p>&nbsp;<\/p>\n<p><strong>Descarregamentos:\u00a0<a href=\"https:\/\/micasabona.es\/pt\/upload\/fichas-tecnicas\/TDS-Bona-Limpiasuelos-de-Superficies-Duras-para-Robots-ES.pdf\/\" target=\"_blank\" rel=\"noreferrer noopener\">Ficha t\u00e9cnica<\/a><\/strong><\/p>","protected":false},"excerpt":{"rendered":"<p><strong>Limpiador concentrado (2.5 L)<\/strong><\/p>\n<p>Bona Limpiasuelos de Superficies Duras para Robots es una soluci\u00f3n formulada espec\u00edficamente para utilizar con la mayor\u00eda de robots friegasuelos y aspiradores multiusos para aumentar su rendimiento de limpieza.<\/p>","protected":false},"featured_media":3017,"comment_status":"open","ping_status":"closed","template":"","meta":{"_acf_changed":false},"product_brand":[],"product_cat":[20],"product_tag":[105],"class_list":{"0":"post-3012","1":"product","2":"type-product","3":"status-publish","4":"has-post-thumbnail","6":"product_cat-suelos-laminados-y-superficies-duras","7":"product_tag-limpiadores-para-robots","9":"first","10":"instock","11":"taxable","12":"shipping-taxable","13":"purchasable","14":"product-type-variable"},"acf":[],"_links":{"self":[{"href":"https:\/\/micasabona.es\/pt\/wp-json\/wp\/v2\/product\/3012","targetHints":{"allow":["GET"]}}],"collection":[{"href":"https:\/\/micasabona.es\/pt\/wp-json\/wp\/v2\/product"}],"about":[{"href":"https:\/\/micasabona.es\/pt\/wp-json\/wp\/v2\/types\/product"}],"replies":[{"embeddable":true,"href":"https:\/\/micasabona.es\/pt\/wp-json\/wp\/v2\/comments?post=3012"}],"version-history":[{"count":2,"href":"https:\/\/micasabona.es\/pt\/wp-json\/wp\/v2\/product\/3012\/revisions"}],"predecessor-version":[{"id":3025,"href":"https:\/\/micasabona.es\/pt\/wp-json\/wp\/v2\/product\/3012\/revisions\/3025"}],"wp:featuredmedia":[{"embeddable":true,"href":"https:\/\/micasabona.es\/pt\/wp-json\/wp\/v2\/media\/3017"}],"wp:attachment":[{"href":"https:\/\/micasabona.es\/pt\/wp-json\/wp\/v2\/media?parent=3012"}],"wp:term":[{"taxonomy":"product_brand","embeddable":true,"href":"https:\/\/micasabona.es\/pt\/wp-json\/wp\/v2\/product_brand?post=3012"},{"taxonomy":"product_cat","embeddable":true,"href":"https:\/\/micasabona.es\/pt\/wp-json\/wp\/v2\/product_cat?post=3012"},{"taxonomy":"product_tag","embeddable":true,"href":"https:\/\/micasabona.es\/pt\/wp-json\/wp\/v2\/product_tag?post=3012"}],"curies":[{"name":"wp","href":"https:\/\/api.w.org\/{rel}","templated":true}]}}