{"id":3026,"date":"2026-04-08T07:57:32","date_gmt":"2026-04-08T07:57:32","guid":{"rendered":"https:\/\/www.micasabona.zona.digital\/?post_type=product&#038;p=3026"},"modified":"2026-04-08T07:57:32","modified_gmt":"2026-04-08T07:57:32","slug":"decapante-para-tarimas","status":"publish","type":"product","link":"https:\/\/micasabona.es\/pt\/producto\/decapante-para-tarimas\/","title":{"rendered":"Decapante para Parquet"},"content":{"rendered":"<h3><strong>Tama\u00f1os disponibles:<\/strong><\/h3>\n<p>4 l<\/p>\n<h3><strong>Caracter\u00edsticas:<\/strong><\/h3>\n<p>\u2022 Limpia y vivifica las tarimas de madera<br \/>\n\u2022 Elimina la suciedad, grasa, hongos, manchas, algas y moho<\/p>\n<h3><strong>Contenido del producto:<\/strong><\/h3>\n<p>AGUA<br \/>\nALCOHOL<br \/>\nETANOLAMINA<br \/>\nHIDR\u00d3XIDO DE SODIO<br \/>\nIsotridecanol, etoxilado (9EO)<br \/>\nTETRASODIO EDTA<br \/>\nPerfume<br \/>\nBENCISOTIAZOLINONA<br \/>\nalfa-iso-tridecilo-omegahidroxi-poliglicol\u00e9ter<br \/>\nColorante<\/p>\n<p>Atenci\u00f3n este producto puede provocar lesiones oculares graves e irritaci\u00f3n cut\u00e1nea<\/p>\n<p>&nbsp;<\/p>\n<p>Descarregamentos:\u00a0<a href=\"https:\/\/micasabona.es\/pt\/upload\/fichas-tecnicas\/tds---bona-outdoor-wood-deck-reviver-2404_es.pdf\/\" target=\"_blank\" rel=\"noreferrer noopener\">Ficha T\u00e9cnica<\/a><\/p>","protected":false},"excerpt":{"rendered":"<p><strong>Decapante para tarima Bona<\/strong>\u00a0est\u00e1 hecho para limpiar tarimas de madera de con\u00edferas sucias, deterioradas y\/o a las que previamente se les ha aplicado un aceite como las tarimas de alerce o de pino sometido a impregnaci\u00f3n a presi\u00f3n. Disuelve el aceite viejo y la madera deteriorada, devolviendo el color brillante que sol\u00eda tener la madera reci\u00e9n estrenada.<\/p>\n<p>\u00a1Atenci\u00f3n este producto puede provocar lesiones oculares graves e irritaci\u00f3n cut\u00e1nea!<\/p>","protected":false},"featured_media":3030,"comment_status":"open","ping_status":"closed","template":"","meta":{"_acf_changed":false},"product_brand":[],"product_cat":[21],"product_tag":[],"class_list":{"0":"post-3026","1":"product","2":"type-product","3":"status-publish","4":"has-post-thumbnail","6":"product_cat-suelos-de-exterior","8":"first","9":"instock","10":"taxable","11":"shipping-taxable","12":"purchasable","13":"product-type-simple"},"acf":[],"_links":{"self":[{"href":"https:\/\/micasabona.es\/pt\/wp-json\/wp\/v2\/product\/3026","targetHints":{"allow":["GET"]}}],"collection":[{"href":"https:\/\/micasabona.es\/pt\/wp-json\/wp\/v2\/product"}],"about":[{"href":"https:\/\/micasabona.es\/pt\/wp-json\/wp\/v2\/types\/product"}],"replies":[{"embeddable":true,"href":"https:\/\/micasabona.es\/pt\/wp-json\/wp\/v2\/comments?post=3026"}],"version-history":[{"count":1,"href":"https:\/\/micasabona.es\/pt\/wp-json\/wp\/v2\/product\/3026\/revisions"}],"predecessor-version":[{"id":3032,"href":"https:\/\/micasabona.es\/pt\/wp-json\/wp\/v2\/product\/3026\/revisions\/3032"}],"wp:featuredmedia":[{"embeddable":true,"href":"https:\/\/micasabona.es\/pt\/wp-json\/wp\/v2\/media\/3030"}],"wp:attachment":[{"href":"https:\/\/micasabona.es\/pt\/wp-json\/wp\/v2\/media?parent=3026"}],"wp:term":[{"taxonomy":"product_brand","embeddable":true,"href":"https:\/\/micasabona.es\/pt\/wp-json\/wp\/v2\/product_brand?post=3026"},{"taxonomy":"product_cat","embeddable":true,"href":"https:\/\/micasabona.es\/pt\/wp-json\/wp\/v2\/product_cat?post=3026"},{"taxonomy":"product_tag","embeddable":true,"href":"https:\/\/micasabona.es\/pt\/wp-json\/wp\/v2\/product_tag?post=3026"}],"curies":[{"name":"wp","href":"https:\/\/api.w.org\/{rel}","templated":true}]}}