{"id":3033,"date":"2026-04-08T08:04:47","date_gmt":"2026-04-08T08:04:47","guid":{"rendered":"https:\/\/www.micasabona.zona.digital\/?post_type=product&#038;p=3033"},"modified":"2026-04-08T08:04:47","modified_gmt":"2026-04-08T08:04:47","slug":"bona-decking-oil","status":"publish","type":"product","link":"https:\/\/micasabona.es\/pt\/producto\/bona-decking-oil\/","title":{"rendered":"\u00d3leo para Decks Bona"},"content":{"rendered":"<h3><strong>Caracter\u00edsticas:<\/strong><\/h3>\n<ul>\n<li>Protecci\u00f3n de larga duraci\u00f3n contra las inclemencias del tiempo<\/li>\n<li>Contiene protecci\u00f3n UV<\/li>\n<li>Reduce el agrietamiento y el abarquillamiento de la madera<\/li>\n<li>Secado r\u00e1pido y f\u00e1cil de aplicar<\/li>\n<li>Bajo contenido en COV y baja emisi\u00f3n de olores<\/li>\n<li>Presentado en diferentes colores<\/li>\n<\/ul>\n<p>&nbsp;<\/p>\n<p>Descarregamentos:\u00a0<a href=\"https:\/\/www.micasabona.zona.digital\/wp-content\/uploads\/2026\/04\/fichas-comerciales-bona-decking-oil-es-1.pdf\" target=\"_blank\" rel=\"noreferrer noopener\">Ficha T\u00e9cnica<\/a><\/p>","protected":false},"excerpt":{"rendered":"<p><strong>\u00d3leo para Decks Bona<\/strong>\u00a0proporciona a\u00a0suelos de madera exterior una protecci\u00f3n duradera en cualquier clima, nieve, llueva o haga sol. Su f\u00f3rmula exclusiva realza la veta natural de la madera, al tiempo que evita que se agriete y abarquille. Adem\u00e1s contiene protecci\u00f3n UV contra el blanqueamiento. De f\u00e1cil aplicaci\u00f3n y secado r\u00e1pido, es la soluci\u00f3n perfecta para la protecci\u00f3n de\u00a0suelos de madera exteriores.<\/p>\n<p>Aceite tambi\u00e9n adecuado para proteger la madera de exterior de puertas, muebles y dem\u00e1s enseres que necesiten ser protegidos de las inclemencias meteorol\u00f3gicas.<\/p>","protected":false},"featured_media":3035,"comment_status":"open","ping_status":"closed","template":"","meta":{"_acf_changed":false},"product_brand":[],"product_cat":[21],"product_tag":[],"class_list":{"0":"post-3033","1":"product","2":"type-product","3":"status-publish","4":"has-post-thumbnail","6":"product_cat-suelos-de-exterior","8":"first","9":"instock","10":"taxable","11":"shipping-taxable","12":"purchasable","13":"product-type-simple"},"acf":[],"_links":{"self":[{"href":"https:\/\/micasabona.es\/pt\/wp-json\/wp\/v2\/product\/3033","targetHints":{"allow":["GET"]}}],"collection":[{"href":"https:\/\/micasabona.es\/pt\/wp-json\/wp\/v2\/product"}],"about":[{"href":"https:\/\/micasabona.es\/pt\/wp-json\/wp\/v2\/types\/product"}],"replies":[{"embeddable":true,"href":"https:\/\/micasabona.es\/pt\/wp-json\/wp\/v2\/comments?post=3033"}],"version-history":[{"count":1,"href":"https:\/\/micasabona.es\/pt\/wp-json\/wp\/v2\/product\/3033\/revisions"}],"predecessor-version":[{"id":3036,"href":"https:\/\/micasabona.es\/pt\/wp-json\/wp\/v2\/product\/3033\/revisions\/3036"}],"wp:featuredmedia":[{"embeddable":true,"href":"https:\/\/micasabona.es\/pt\/wp-json\/wp\/v2\/media\/3035"}],"wp:attachment":[{"href":"https:\/\/micasabona.es\/pt\/wp-json\/wp\/v2\/media?parent=3033"}],"wp:term":[{"taxonomy":"product_brand","embeddable":true,"href":"https:\/\/micasabona.es\/pt\/wp-json\/wp\/v2\/product_brand?post=3033"},{"taxonomy":"product_cat","embeddable":true,"href":"https:\/\/micasabona.es\/pt\/wp-json\/wp\/v2\/product_cat?post=3033"},{"taxonomy":"product_tag","embeddable":true,"href":"https:\/\/micasabona.es\/pt\/wp-json\/wp\/v2\/product_tag?post=3033"}],"curies":[{"name":"wp","href":"https:\/\/api.w.org\/{rel}","templated":true}]}}