{"id":3037,"date":"2026-04-08T08:17:24","date_gmt":"2026-04-08T08:17:24","guid":{"rendered":"https:\/\/www.micasabona.zona.digital\/?post_type=product&#038;p=3037"},"modified":"2026-04-08T08:17:24","modified_gmt":"2026-04-08T08:17:24","slug":"bona-premium-microfibre-floor-mop","status":"publish","type":"product","link":"https:\/\/micasabona.es\/pt\/producto\/bona-premium-microfibre-floor-mop\/","title":{"rendered":"Mopa de Piso Bona Premium Microfibra"},"content":{"rendered":"<p>La Bona Premium Microfiber Floor Mop\u00a0le permite efectuar de una sola pasada la limpieza y el mantenimiento de sus suelos de madera y otras superficies duras. Dispone de mango telesc\u00f3pico y cabezal giratorio, para que pueda maniobrar con facilidad. Es la herramienta de limpieza perfecta para superficies amplias, as\u00ed como para las zonas de dif\u00edcil acceso. Compatible con todos los recambios de microfibra Bona.<\/p>\n<p>\u2022\u00a0\u00a0\u00a0\u00a0\u00a0 Dise\u00f1o ligero y resistente.<br \/>\n\u2022\u00a0\u00a0\u00a0\u00a0\u00a0 Base de mopa extragrande para una limpieza r\u00e1pida y eficaz.<br \/>\n\u2022\u00a0\u00a0\u00a0\u00a0\u00a0 Cantos suaves y flexibles para proteger los muebles y los rodapi\u00e9s.<br \/>\n\u2022\u00a0\u00a0\u00a0\u00a0\u00a0 Empu\u00f1adura c\u00f3moda.<br \/>\n\u2022\u00a0\u00a0\u00a0\u00a0\u00a0 Mango telesc\u00f3pico ajustable y duradero.<br \/>\n\u2022\u00a0\u00a0\u00a0\u00a0\u00a0 Colgador para un f\u00e1cil almacenaje<\/p>\n<p>La longitud del mango se puede ajustar (desde 870 cm hasta 1320 cm).<br \/>\nDimensiones de la base de mopa: 41 cm de largo x 11 cm de ancho.<\/p>\n<p>El Recambio Mopa Limpiador se puede lavar a 60 \u00baC sin utilizar suavizante, hasta 500 veces.<\/p>\n<p>&nbsp;<\/p>\n<p>Descarregamentos:\u00a0<a href=\"https:\/\/micasabona.es\/pt\/upload\/fichas-tecnicas\/tds---bona-premium-microfiber-floor-mop-2402_es.pdf\/\" target=\"_blank\" rel=\"noreferrer noopener\">Ficha T\u00e9cnica<\/a><\/p>","protected":false},"excerpt":{"rendered":"<p>La\u00a0<strong>Bona Premium Microfiber Floor Mop<\/strong>\u00a0le permite efectuar de una sola pasada la limpieza y el mantenimiento de sus suelos de madera y otras superficies duras. Dispone de mango telesc\u00f3pico y cabezal giratorio, para que pueda maniobrar con facilidad. Es la herramienta de limpieza perfecta para superficies amplias, as\u00ed como para las zonas de dif\u00edcil acceso. Compatible con todos los recambios de microfibra Bona.<\/p>\n<p>Nuestras Bona Spray Mop Premium est\u00e1n especialmente dise\u00f1adas para funcionar a la perfecci\u00f3n con los limpiadores Bona, lo que garantiza unos suelos impecables. El uso de otros limpiadores o de agua corriente podr\u00eda da\u00f1ar sus suelos y reducir la eficacia de la mopa.<\/p>","protected":false},"featured_media":3047,"comment_status":"open","ping_status":"closed","template":"","meta":{"_acf_changed":false},"product_brand":[],"product_cat":[19],"product_tag":[],"class_list":{"0":"post-3037","1":"product","2":"type-product","3":"status-publish","4":"has-post-thumbnail","6":"product_cat-mopas-y-accesorios","8":"first","9":"instock","10":"taxable","11":"shipping-taxable","12":"purchasable","13":"product-type-simple"},"acf":[],"_links":{"self":[{"href":"https:\/\/micasabona.es\/pt\/wp-json\/wp\/v2\/product\/3037","targetHints":{"allow":["GET"]}}],"collection":[{"href":"https:\/\/micasabona.es\/pt\/wp-json\/wp\/v2\/product"}],"about":[{"href":"https:\/\/micasabona.es\/pt\/wp-json\/wp\/v2\/types\/product"}],"replies":[{"embeddable":true,"href":"https:\/\/micasabona.es\/pt\/wp-json\/wp\/v2\/comments?post=3037"}],"version-history":[{"count":1,"href":"https:\/\/micasabona.es\/pt\/wp-json\/wp\/v2\/product\/3037\/revisions"}],"predecessor-version":[{"id":3048,"href":"https:\/\/micasabona.es\/pt\/wp-json\/wp\/v2\/product\/3037\/revisions\/3048"}],"wp:featuredmedia":[{"embeddable":true,"href":"https:\/\/micasabona.es\/pt\/wp-json\/wp\/v2\/media\/3047"}],"wp:attachment":[{"href":"https:\/\/micasabona.es\/pt\/wp-json\/wp\/v2\/media?parent=3037"}],"wp:term":[{"taxonomy":"product_brand","embeddable":true,"href":"https:\/\/micasabona.es\/pt\/wp-json\/wp\/v2\/product_brand?post=3037"},{"taxonomy":"product_cat","embeddable":true,"href":"https:\/\/micasabona.es\/pt\/wp-json\/wp\/v2\/product_cat?post=3037"},{"taxonomy":"product_tag","embeddable":true,"href":"https:\/\/micasabona.es\/pt\/wp-json\/wp\/v2\/product_tag?post=3037"}],"curies":[{"name":"wp","href":"https:\/\/api.w.org\/{rel}","templated":true}]}}