{"id":3049,"date":"2026-04-08T08:20:20","date_gmt":"2026-04-08T08:20:20","guid":{"rendered":"https:\/\/www.micasabona.zona.digital\/?post_type=product&#038;p=3049"},"modified":"2026-04-08T08:20:20","modified_gmt":"2026-04-08T08:20:20","slug":"kit-de-limpieza-para-suelos-de-madera-bona","status":"publish","type":"product","link":"https:\/\/micasabona.es\/pt\/producto\/kit-de-limpieza-para-suelos-de-madera-bona\/","title":{"rendered":"Kit de Limpeza para Pisos de Madeira Bona"},"content":{"rendered":"<h3><strong>El kit incluye:<\/strong><\/h3>\n<p>Mopa con mango<br \/>\nRecambio Mopa Limpiador<br \/>\nLimpiador de Parquet (1 l)<\/p>\n<h3><strong>Caracter\u00edsticas:<\/strong><\/h3>\n<p>\u2022 F\u00e1cil de maniobrar, cabezal pivotante con mango telesc\u00f3pico, ahora con nuevas fijaciones para un montaje r\u00e1pido<br \/>\n\u2022 Adaptable a todos los recambios de mopa Bona.<br \/>\n\u2022 Mopa que recoge la humedad y el polvo, y deja los suelos limpios, sin ralladuras que hagan perder el brillo<br \/>\n\u2022 Se puede lavar a m\u00e1quina y reutilizarse hasta 300 veces. No utilice suavizante.<\/p>\n<p>&nbsp;<\/p>\n<p>Descarregamentos:\u00a0<a href=\"https:\/\/micasabona.es\/pt\/upload\/fichas-tecnicas\/tds---wood-floor-care-kit-2402_es.pdf\/\" target=\"_blank\" rel=\"noreferrer noopener\">Ficha T\u00e9cnica<\/a><\/p>","protected":false},"excerpt":{"rendered":"<p><strong>El Kit de Limpieza para Suelos de Madera Bona<\/strong>\u00a0es todo lo que se necesita para una limpieza f\u00e1cil y segura de los suelos de madera barnizados o tratados con ceras.<\/p>\n<p>Elimina eficazmente las manchas, la suciedad y la mugre. Solo hay que rociar el producto y extenderlo con la mopa para dejar el suelo limpio.<\/p>","protected":false},"featured_media":3050,"comment_status":"open","ping_status":"closed","template":"","meta":{"_acf_changed":false},"product_brand":[],"product_cat":[19],"product_tag":[],"class_list":{"0":"post-3049","1":"product","2":"type-product","3":"status-publish","4":"has-post-thumbnail","6":"product_cat-mopas-y-accesorios","8":"first","9":"instock","10":"taxable","11":"shipping-taxable","12":"purchasable","13":"product-type-simple"},"acf":[],"_links":{"self":[{"href":"https:\/\/micasabona.es\/pt\/wp-json\/wp\/v2\/product\/3049","targetHints":{"allow":["GET"]}}],"collection":[{"href":"https:\/\/micasabona.es\/pt\/wp-json\/wp\/v2\/product"}],"about":[{"href":"https:\/\/micasabona.es\/pt\/wp-json\/wp\/v2\/types\/product"}],"replies":[{"embeddable":true,"href":"https:\/\/micasabona.es\/pt\/wp-json\/wp\/v2\/comments?post=3049"}],"version-history":[{"count":1,"href":"https:\/\/micasabona.es\/pt\/wp-json\/wp\/v2\/product\/3049\/revisions"}],"predecessor-version":[{"id":3051,"href":"https:\/\/micasabona.es\/pt\/wp-json\/wp\/v2\/product\/3049\/revisions\/3051"}],"wp:featuredmedia":[{"embeddable":true,"href":"https:\/\/micasabona.es\/pt\/wp-json\/wp\/v2\/media\/3050"}],"wp:attachment":[{"href":"https:\/\/micasabona.es\/pt\/wp-json\/wp\/v2\/media?parent=3049"}],"wp:term":[{"taxonomy":"product_brand","embeddable":true,"href":"https:\/\/micasabona.es\/pt\/wp-json\/wp\/v2\/product_brand?post=3049"},{"taxonomy":"product_cat","embeddable":true,"href":"https:\/\/micasabona.es\/pt\/wp-json\/wp\/v2\/product_cat?post=3049"},{"taxonomy":"product_tag","embeddable":true,"href":"https:\/\/micasabona.es\/pt\/wp-json\/wp\/v2\/product_tag?post=3049"}],"curies":[{"name":"wp","href":"https:\/\/api.w.org\/{rel}","templated":true}]}}