{"id":3052,"date":"2026-04-08T08:23:46","date_gmt":"2026-04-08T08:23:46","guid":{"rendered":"https:\/\/www.micasabona.zona.digital\/?post_type=product&#038;p=3052"},"modified":"2026-04-08T08:23:46","modified_gmt":"2026-04-08T08:23:46","slug":"kit-de-limpieza-para-suelos-laminados-y-superficies-duras-bona","status":"publish","type":"product","link":"https:\/\/micasabona.es\/pt\/producto\/kit-de-limpieza-para-suelos-laminados-y-superficies-duras-bona\/","title":{"rendered":"Kit de Limpeza para Pavimentos Laminados e Superf\u00edcies Duradouras Bona"},"content":{"rendered":"<p>El Sistema de cuidados para suelos laminados y superficies duras Bona incluye una mopa con mango de microfibra de m\u00e1xima calidad, el Recambio Mopa Limpiador de Microfibra Bona y el Limpiador para Suelos laminados y superficies duras Bona. Dicho de otra forma, todo lo que necesitas para la limpieza f\u00e1cil y segura de tus suelos de superficie dura. Especialmente formulado para lin\u00f3leo, piedra, vinilo, laminado, vinilo de dise\u00f1o (LVT) y baldosas sin encerar. Las soluciones al agua y la certificaci\u00f3n GREENGUARD GOLD garantizan un producto seguro para tu familia, mascotas y nuestro planeta.<\/p>\n<h3>El kit incluye:<\/h3>\n<ul>\n<li>Mopa con mango Bona<\/li>\n<li>Pe\u00e7a de Reposi\u00e7\u00e3o para Mopa Limpadora de Microfibra Bona<\/li>\n<li>Limpiador para Suelos laminados y superficies duras Bona (1\u00a0l)<\/li>\n<\/ul>\n<h3>\nCaracter\u00edsticas:<\/h3>\n<ul>\n<li>F\u00e1cil de maniobrar, cabezal giratorio con mango telesc\u00f3pico, ahora con nuevas fijaciones para un montaje r\u00e1pido.<\/li>\n<li>Adaptable a todos los recambios de mopa Bona.<\/li>\n<li>Mopa que recoge la humedad y el polvo, y deja los suelos limpios, sin ralladuras que hagan perder el brillo.<\/li>\n<li>Se puede lavar a m\u00e1quina y reutilizarse hasta 300 veces. No utilice suavizante.<\/li>\n<\/ul>\n<p>&nbsp;<\/p>\n<p>Descarregamentos:\u00a0<a href=\"https:\/\/micasabona.es\/pt\/upload\/fichas-tecnicas\/tds---bona-hard-surface-floor-care-kit-2402_es.pdf\/\" target=\"_blank\" rel=\"noreferrer noopener\">Ficha t\u00e9cnica<\/a><\/p>","protected":false},"excerpt":{"rendered":"<p><strong>El Kit de Limpieza para Suelos Laminados y Baldosas Bona<\/strong>\u00a0es todo lo que se necesita para una limpieza f\u00e1cil y segura de los suelos de superficie dura.<\/p>\n<p>Elimina eficazmente las manchas, la suciedad y la mugre.<\/p>\n<p>Solo hay que rociar el producto y extenderlo con la mopa para dejar el suelo limpio.<\/p>","protected":false},"featured_media":3053,"comment_status":"open","ping_status":"closed","template":"","meta":{"_acf_changed":false},"product_brand":[],"product_cat":[19],"product_tag":[],"class_list":{"0":"post-3052","1":"product","2":"type-product","3":"status-publish","4":"has-post-thumbnail","6":"product_cat-mopas-y-accesorios","8":"first","9":"instock","10":"taxable","11":"shipping-taxable","12":"purchasable","13":"product-type-simple"},"acf":[],"_links":{"self":[{"href":"https:\/\/micasabona.es\/pt\/wp-json\/wp\/v2\/product\/3052","targetHints":{"allow":["GET"]}}],"collection":[{"href":"https:\/\/micasabona.es\/pt\/wp-json\/wp\/v2\/product"}],"about":[{"href":"https:\/\/micasabona.es\/pt\/wp-json\/wp\/v2\/types\/product"}],"replies":[{"embeddable":true,"href":"https:\/\/micasabona.es\/pt\/wp-json\/wp\/v2\/comments?post=3052"}],"version-history":[{"count":1,"href":"https:\/\/micasabona.es\/pt\/wp-json\/wp\/v2\/product\/3052\/revisions"}],"predecessor-version":[{"id":3054,"href":"https:\/\/micasabona.es\/pt\/wp-json\/wp\/v2\/product\/3052\/revisions\/3054"}],"wp:featuredmedia":[{"embeddable":true,"href":"https:\/\/micasabona.es\/pt\/wp-json\/wp\/v2\/media\/3053"}],"wp:attachment":[{"href":"https:\/\/micasabona.es\/pt\/wp-json\/wp\/v2\/media?parent=3052"}],"wp:term":[{"taxonomy":"product_brand","embeddable":true,"href":"https:\/\/micasabona.es\/pt\/wp-json\/wp\/v2\/product_brand?post=3052"},{"taxonomy":"product_cat","embeddable":true,"href":"https:\/\/micasabona.es\/pt\/wp-json\/wp\/v2\/product_cat?post=3052"},{"taxonomy":"product_tag","embeddable":true,"href":"https:\/\/micasabona.es\/pt\/wp-json\/wp\/v2\/product_tag?post=3052"}],"curies":[{"name":"wp","href":"https:\/\/api.w.org\/{rel}","templated":true}]}}