{"id":3055,"date":"2026-04-08T08:29:48","date_gmt":"2026-04-08T08:29:48","guid":{"rendered":"https:\/\/www.micasabona.zona.digital\/?post_type=product&#038;p=3055"},"modified":"2026-04-08T08:29:48","modified_gmt":"2026-04-08T08:29:48","slug":"recambio-mopa-atrapapolvo-bona","status":"publish","type":"product","link":"https:\/\/micasabona.es\/pt\/producto\/recambio-mopa-atrapapolvo-bona\/","title":{"rendered":"Recarga de Mopa Atrapa-Poeiras Bona"},"content":{"rendered":"<p>Para las distintas situaciones de cuidados para los suelos de madera, Bona ofrece diferentes recambios se microfibra para mopas, seg\u00fan la necesidad que tengas en ese momento. Nuestro recambio de Mopa Atrapapolvo est\u00e1 fabricado con materiales de alta calidad, pudi\u00e9ndose utilizar tantas veces como se necesite antes de proceder a una limpieza profunda.<\/p>\n<h3>Caracter\u00edsticas:<\/h3>\n<p>\u2022 \u201cAcci\u00f3n electrost\u00e1tica\u201d que atrae y atrapa el polvo, el pelo de los animales, pelusas, micropart\u00edculas y al\u00e9rgenos comunes del hogar de la superficie de su suelo<br \/>\n\u2022 Se puede lavar a m\u00e1quina y reutilizarse hasta 300 veces. No utilice suavizante.<br \/>\n\u2022 Aplicaci\u00f3n suave en todos los suelos<\/p>\n<p>&nbsp;<\/p>\n<p>Descarregamentos:\u00a0<a href=\"https:\/\/micasabona.es\/pt\/upload\/fichas-tecnicas\/tds---bona-microfiber-dusting-pad-2402_es.pdf\/\" target=\"_blank\" rel=\"noreferrer noopener\">Ficha T\u00e9cnica<\/a><\/p>","protected":false},"excerpt":{"rendered":"<p><strong>El recambio atrapa polvo para mopas de Bona<\/strong>\u00a0est\u00e1 pensada para acoplar a la Bona Spray Mop y a la mopa Bona. El recambio Mopa Atrapapolvo es una forma excelente de recoger polvo y pelusas antes de pasar la mopa h\u00fameda. Se puede utilizar hasta 300 veces.<\/p>\n<p>Nuestras Bona Spray Mop Premium est\u00e1n especialmente dise\u00f1adas para funcionar a la perfecci\u00f3n con los limpiadores Bona, lo que garantiza unos suelos impecables. El uso de otros limpiadores o de agua corriente podr\u00eda da\u00f1ar sus suelos y reducir la eficacia de la mopa.<\/p>","protected":false},"featured_media":3059,"comment_status":"open","ping_status":"closed","template":"","meta":{"_acf_changed":false},"product_brand":[],"product_cat":[19],"product_tag":[],"class_list":{"0":"post-3055","1":"product","2":"type-product","3":"status-publish","4":"has-post-thumbnail","6":"product_cat-mopas-y-accesorios","8":"first","9":"instock","10":"taxable","11":"shipping-taxable","12":"purchasable","13":"product-type-simple"},"acf":[],"_links":{"self":[{"href":"https:\/\/micasabona.es\/pt\/wp-json\/wp\/v2\/product\/3055","targetHints":{"allow":["GET"]}}],"collection":[{"href":"https:\/\/micasabona.es\/pt\/wp-json\/wp\/v2\/product"}],"about":[{"href":"https:\/\/micasabona.es\/pt\/wp-json\/wp\/v2\/types\/product"}],"replies":[{"embeddable":true,"href":"https:\/\/micasabona.es\/pt\/wp-json\/wp\/v2\/comments?post=3055"}],"version-history":[{"count":1,"href":"https:\/\/micasabona.es\/pt\/wp-json\/wp\/v2\/product\/3055\/revisions"}],"predecessor-version":[{"id":3060,"href":"https:\/\/micasabona.es\/pt\/wp-json\/wp\/v2\/product\/3055\/revisions\/3060"}],"wp:featuredmedia":[{"embeddable":true,"href":"https:\/\/micasabona.es\/pt\/wp-json\/wp\/v2\/media\/3059"}],"wp:attachment":[{"href":"https:\/\/micasabona.es\/pt\/wp-json\/wp\/v2\/media?parent=3055"}],"wp:term":[{"taxonomy":"product_brand","embeddable":true,"href":"https:\/\/micasabona.es\/pt\/wp-json\/wp\/v2\/product_brand?post=3055"},{"taxonomy":"product_cat","embeddable":true,"href":"https:\/\/micasabona.es\/pt\/wp-json\/wp\/v2\/product_cat?post=3055"},{"taxonomy":"product_tag","embeddable":true,"href":"https:\/\/micasabona.es\/pt\/wp-json\/wp\/v2\/product_tag?post=3055"}],"curies":[{"name":"wp","href":"https:\/\/api.w.org\/{rel}","templated":true}]}}