{"id":3061,"date":"2026-04-08T08:34:08","date_gmt":"2026-04-08T08:34:08","guid":{"rendered":"https:\/\/www.micasabona.zona.digital\/?post_type=product&#038;p=3061"},"modified":"2026-04-08T08:35:49","modified_gmt":"2026-04-08T08:35:49","slug":"recambio-mopa-limpiador-de-microfibra-bona","status":"publish","type":"product","link":"https:\/\/micasabona.es\/pt\/producto\/recambio-mopa-limpiador-de-microfibra-bona\/","title":{"rendered":"Pe\u00e7a de Reposi\u00e7\u00e3o para Mopa Limpadora de Microfibra Bona"},"content":{"rendered":"<h3><strong>Caracter\u00edsticas:<\/strong><\/h3>\n<p>\u2022 Recoge la humedad y el polvo, y deja los suelos limpios, sin ralladuras que hagan perder el brillo<br \/>\n\u2022 Se puede lavar a m\u00e1quina y reutilizarse hasta 300 veces. No utilice suavizante.<br \/>\n\u2022 Aplicaci\u00f3n suave en todos los suelos<\/p>\n<p>Descarregamentos:\u00a0<a href=\"https:\/\/micasabona.es\/pt\/upload\/fichas-tecnicas\/tds---bona-microfiber-cleaning-pad-2402_es.pdf\/\" target=\"_blank\" rel=\"noreferrer noopener\">Ficha T\u00e9cnica<\/a><\/p>","protected":false},"excerpt":{"rendered":"<p><strong>El Recambio Mopa Limpiador<\/strong>\u00a0para todo tipo de suelos es un recambio de microfibra lavable a m\u00e1quina que se engancha con tiras de velcro a todas las mopas Bona, incluyendo la Mopa con Spray Bona.<\/p>\n<p>Nuestras Bona Spray Mop Premium est\u00e1n especialmente dise\u00f1adas para funcionar a la perfecci\u00f3n con los limpiadores Bona, lo que garantiza unos suelos impecables. El uso de otros limpiadores o de agua corriente podr\u00eda da\u00f1ar sus suelos y reducir la eficacia de la mopa.<\/p>","protected":false},"featured_media":3062,"comment_status":"open","ping_status":"closed","template":"","meta":{"_acf_changed":false},"product_brand":[],"product_cat":[19],"product_tag":[],"class_list":{"0":"post-3061","1":"product","2":"type-product","3":"status-publish","4":"has-post-thumbnail","6":"product_cat-mopas-y-accesorios","8":"first","9":"instock","10":"taxable","11":"shipping-taxable","12":"purchasable","13":"product-type-simple"},"acf":[],"_links":{"self":[{"href":"https:\/\/micasabona.es\/pt\/wp-json\/wp\/v2\/product\/3061","targetHints":{"allow":["GET"]}}],"collection":[{"href":"https:\/\/micasabona.es\/pt\/wp-json\/wp\/v2\/product"}],"about":[{"href":"https:\/\/micasabona.es\/pt\/wp-json\/wp\/v2\/types\/product"}],"replies":[{"embeddable":true,"href":"https:\/\/micasabona.es\/pt\/wp-json\/wp\/v2\/comments?post=3061"}],"version-history":[{"count":1,"href":"https:\/\/micasabona.es\/pt\/wp-json\/wp\/v2\/product\/3061\/revisions"}],"predecessor-version":[{"id":3063,"href":"https:\/\/micasabona.es\/pt\/wp-json\/wp\/v2\/product\/3061\/revisions\/3063"}],"wp:featuredmedia":[{"embeddable":true,"href":"https:\/\/micasabona.es\/pt\/wp-json\/wp\/v2\/media\/3062"}],"wp:attachment":[{"href":"https:\/\/micasabona.es\/pt\/wp-json\/wp\/v2\/media?parent=3061"}],"wp:term":[{"taxonomy":"product_brand","embeddable":true,"href":"https:\/\/micasabona.es\/pt\/wp-json\/wp\/v2\/product_brand?post=3061"},{"taxonomy":"product_cat","embeddable":true,"href":"https:\/\/micasabona.es\/pt\/wp-json\/wp\/v2\/product_cat?post=3061"},{"taxonomy":"product_tag","embeddable":true,"href":"https:\/\/micasabona.es\/pt\/wp-json\/wp\/v2\/product_tag?post=3061"}],"curies":[{"name":"wp","href":"https:\/\/api.w.org\/{rel}","templated":true}]}}