{"id":3070,"date":"2026-04-08T08:45:59","date_gmt":"2026-04-08T08:45:59","guid":{"rendered":"https:\/\/www.micasabona.zona.digital\/?post_type=product&#038;p=3070"},"modified":"2026-04-08T08:46:00","modified_gmt":"2026-04-08T08:46:00","slug":"recambio-mopa-limpieza-profunda-de-microfibra-bona","status":"publish","type":"product","link":"https:\/\/micasabona.es\/pt\/producto\/recambio-mopa-limpieza-profunda-de-microfibra-bona\/","title":{"rendered":"Recarga Mopa Limpeza Profunda de Microfibra Bona"},"content":{"rendered":"<h3><strong>CARACTER\u00cdSTICAS DESTACADAS<\/strong><\/h3>\n<ul>\n<li>Tecnolog\u00eda patentada PowerLoop\u00ae que ofrece acci\u00f3n extra al fregar para mugre muy incrustada<\/li>\n<li>Microfibra patentada de dos zonas para una mejor limpieza<\/li>\n<li>Dise\u00f1o sostenible, puede reutilizarse hasta 500 veces<\/li>\n<li>Elimina el 99% de las bacterias<\/li>\n<\/ul>\n<p>&nbsp;<\/p>\n<p>El Recambio Mopa Limpieza Profunda de Microfibra Bona cuenta con la exclusiva tecnolog\u00eda patentada PowerLoop\u00ae para separar y desincrustar con cuidado hasta las acumulaciones de suciedad m\u00e1s persistentes. Su acci\u00f3n limpiadora de dos zonas incluye unas fibras externas de color azul oscuro para separar y solar la mugre, mientras las fibras internas de color azul claro atrapan y quitan la suciedad con un mayor poder de absorci\u00f3n que nuestros anteriores pads. El Recambio Mopa Limpieza Profunda de Microfibra Bona debe usarse con el Limpiador Profundo de Suelos de Madera Bona y con el Limpiador Profundo para Suelos Laminados y Superficies Duras Bona de la gama Bona Pet\u00a0 para lograr una limpieza con unos resultados incomparables.<\/p>\n<p>&nbsp;<\/p>\n<p>Descarregamentos:\u00a0<a href=\"https:\/\/micasabona.es\/pt\/upload\/fichas-tecnicas\/tds-bona-microfiber-deep-clean-pad-2402_es.pdf\/\" target=\"_blank\" rel=\"noreferrer noopener\">Ficha T\u00e9cnica<\/a><\/p>","protected":false},"excerpt":{"rendered":"<p><strong>El Recambio Mopa Limpieza Profunda de Microfibra Bona<\/strong>\u00a0con tecnolog\u00eda PowerLoop\u00ae levanta y elimina grandes acumulaciones de suciedad. Para obtener los mejores resultados, usar el Limpiador Profundo de Suelos de Madera Bona y el Limpiador Profundo para Suelos Laminados y Superficies Duras Bona de la gama Bona Pet.<\/p>\n<p>Nuestras Bona Spray Mop Premium est\u00e1n especialmente dise\u00f1adas para funcionar a la perfecci\u00f3n con los limpiadores Bona, lo que garantiza unos suelos impecables. El uso de otros limpiadores o de agua corriente podr\u00eda da\u00f1ar sus suelos y reducir la eficacia de la mopa.<\/p>","protected":false},"featured_media":3071,"comment_status":"open","ping_status":"closed","template":"","meta":{"_acf_changed":false},"product_brand":[],"product_cat":[19],"product_tag":[],"class_list":{"0":"post-3070","1":"product","2":"type-product","3":"status-publish","4":"has-post-thumbnail","6":"product_cat-mopas-y-accesorios","8":"first","9":"instock","10":"taxable","11":"shipping-taxable","12":"purchasable","13":"product-type-simple"},"acf":[],"_links":{"self":[{"href":"https:\/\/micasabona.es\/pt\/wp-json\/wp\/v2\/product\/3070","targetHints":{"allow":["GET"]}}],"collection":[{"href":"https:\/\/micasabona.es\/pt\/wp-json\/wp\/v2\/product"}],"about":[{"href":"https:\/\/micasabona.es\/pt\/wp-json\/wp\/v2\/types\/product"}],"replies":[{"embeddable":true,"href":"https:\/\/micasabona.es\/pt\/wp-json\/wp\/v2\/comments?post=3070"}],"version-history":[{"count":1,"href":"https:\/\/micasabona.es\/pt\/wp-json\/wp\/v2\/product\/3070\/revisions"}],"predecessor-version":[{"id":3077,"href":"https:\/\/micasabona.es\/pt\/wp-json\/wp\/v2\/product\/3070\/revisions\/3077"}],"wp:featuredmedia":[{"embeddable":true,"href":"https:\/\/micasabona.es\/pt\/wp-json\/wp\/v2\/media\/3071"}],"wp:attachment":[{"href":"https:\/\/micasabona.es\/pt\/wp-json\/wp\/v2\/media?parent=3070"}],"wp:term":[{"taxonomy":"product_brand","embeddable":true,"href":"https:\/\/micasabona.es\/pt\/wp-json\/wp\/v2\/product_brand?post=3070"},{"taxonomy":"product_cat","embeddable":true,"href":"https:\/\/micasabona.es\/pt\/wp-json\/wp\/v2\/product_cat?post=3070"},{"taxonomy":"product_tag","embeddable":true,"href":"https:\/\/micasabona.es\/pt\/wp-json\/wp\/v2\/product_tag?post=3070"}],"curies":[{"name":"wp","href":"https:\/\/api.w.org\/{rel}","templated":true}]}}