{"id":3078,"date":"2026-04-08T08:49:35","date_gmt":"2026-04-08T08:49:35","guid":{"rendered":"https:\/\/www.micasabona.zona.digital\/?post_type=product&#038;p=3078"},"modified":"2026-04-08T09:53:55","modified_gmt":"2026-04-08T09:53:55","slug":"recambio-mopa-de-microfibra-para-barrer-multisuperficies-bona-pet-system","status":"publish","type":"product","link":"https:\/\/micasabona.es\/pt\/producto\/recambio-mopa-de-microfibra-para-barrer-multisuperficies-bona-pet-system\/","title":{"rendered":"Esfregona de Microfibra para Limpeza M\u00faltiplas Superf\u00edcies Bona Pet System\u2122"},"content":{"rendered":"<h3><strong>CARACTER\u00cdSTICAS DESTACADAS:<\/strong><\/h3>\n<ul>\n<li>Acci\u00f3n electrost\u00e1tica dise\u00f1ada espec\u00edficamente para eliminar el pelo de las mascotas y los al\u00e9rgenos<\/li>\n<li>La microfibra recoge el pelo y los al\u00e9rgenos de las mascotas<\/li>\n<li>Lavable y reutilizable hasta 500 veces<\/li>\n<li>Fabricada con un 90% de material PCR<\/li>\n<li>Apto para todo tipo de suelos de madera y superficies duras<\/li>\n<\/ul>\n<p>Rel\u00e1jese, Bona le facilita el cuidado de sus suelos de superficie dura. Cuando se trata de limpiar la suciedad de nuestros amigos peludos, recurra a la marca en la que conf\u00edan los profesionales de la limpieza de suelos desde 1919. El limpiador de suelos oxigenado de Bona limpia en profundidad y penetra a trav\u00e9s de las manchas adheridas, la suciedad incrustada y los accidentes de sus mascotas, con el poder limpiador del per\u00f3xido de hidr\u00f3geno. La tecnolog\u00eda Odour Guard Technology\u2122 elimina y neutraliza la orina y otros olores org\u00e1nicos al contacto. Ama tus suelos con Bona. Soluciones sostenibles para un hogar m\u00e1s limpio y saludable.<\/p>\n<p>&nbsp;<\/p>\n<p>Descarregamentos:\u00a0<a href=\"https:\/\/micasabona.es\/pt\/upload\/fichas-tecnicas\/tds---bona-pet-system-microfiber-sweeping-pad-2402_es.pdf\/\" target=\"_blank\" rel=\"noreferrer noopener\">Ficha T\u00e9cnica\u00a0<\/a><\/p>","protected":false},"excerpt":{"rendered":"<p><strong>El Recambio Mopa de Microfibra para Barrer Multisuperficies Bona Pet System\u2122<\/strong>\u00a0es el accesorio imprescindible para limpiar el pelo, la caspa y los al\u00e9rgenos de las mascotas de los suelos de diferentes superficies de su hogar.<\/p>\n<p>Nuestras Bona Spray Mop Premium est\u00e1n especialmente dise\u00f1adas para funcionar a la perfecci\u00f3n con los limpiadores Bona, lo que garantiza unos suelos impecables. El uso de otros limpiadores o de agua corriente podr\u00eda da\u00f1ar sus suelos y reducir la eficacia de la mopa.<\/p>","protected":false},"featured_media":3079,"comment_status":"open","ping_status":"closed","template":"","meta":{"_acf_changed":false},"product_brand":[],"product_cat":[19],"product_tag":[100],"class_list":{"0":"post-3078","1":"product","2":"type-product","3":"status-publish","4":"has-post-thumbnail","6":"product_cat-mopas-y-accesorios","7":"product_tag-mascotas","9":"first","10":"instock","11":"taxable","12":"shipping-taxable","13":"purchasable","14":"product-type-simple"},"acf":[],"_links":{"self":[{"href":"https:\/\/micasabona.es\/pt\/wp-json\/wp\/v2\/product\/3078","targetHints":{"allow":["GET"]}}],"collection":[{"href":"https:\/\/micasabona.es\/pt\/wp-json\/wp\/v2\/product"}],"about":[{"href":"https:\/\/micasabona.es\/pt\/wp-json\/wp\/v2\/types\/product"}],"replies":[{"embeddable":true,"href":"https:\/\/micasabona.es\/pt\/wp-json\/wp\/v2\/comments?post=3078"}],"version-history":[{"count":1,"href":"https:\/\/micasabona.es\/pt\/wp-json\/wp\/v2\/product\/3078\/revisions"}],"predecessor-version":[{"id":3081,"href":"https:\/\/micasabona.es\/pt\/wp-json\/wp\/v2\/product\/3078\/revisions\/3081"}],"wp:featuredmedia":[{"embeddable":true,"href":"https:\/\/micasabona.es\/pt\/wp-json\/wp\/v2\/media\/3079"}],"wp:attachment":[{"href":"https:\/\/micasabona.es\/pt\/wp-json\/wp\/v2\/media?parent=3078"}],"wp:term":[{"taxonomy":"product_brand","embeddable":true,"href":"https:\/\/micasabona.es\/pt\/wp-json\/wp\/v2\/product_brand?post=3078"},{"taxonomy":"product_cat","embeddable":true,"href":"https:\/\/micasabona.es\/pt\/wp-json\/wp\/v2\/product_cat?post=3078"},{"taxonomy":"product_tag","embeddable":true,"href":"https:\/\/micasabona.es\/pt\/wp-json\/wp\/v2\/product_tag?post=3078"}],"curies":[{"name":"wp","href":"https:\/\/api.w.org\/{rel}","templated":true}]}}