{"id":3082,"date":"2026-04-08T08:53:08","date_gmt":"2026-04-08T08:53:08","guid":{"rendered":"https:\/\/www.micasabona.zona.digital\/?post_type=product&#038;p=3082"},"modified":"2026-04-08T09:53:38","modified_gmt":"2026-04-08T09:53:38","slug":"mopa-premium-de-microfibra-bona-pet-system","status":"publish","type":"product","link":"https:\/\/micasabona.es\/pt\/producto\/mopa-premium-de-microfibra-bona-pet-system\/","title":{"rendered":"Mopa Premium de Microfibra Bona Pet System\u2122"},"content":{"rendered":"<p><strong>CARACTER\u00cdSTICAS DESTACADAS<\/strong><\/p>\n<ul>\n<li>Duradero mango telesc\u00f3pico con cabezal extragrande<\/li>\n<li>El cabezal extragrande de la mopa limpia un 20% m\u00e1s r\u00e1pido que el del principal competidor<\/li>\n<li>Esquinas engomadas para no da\u00f1ar z\u00f3calos ni muebles<\/li>\n<li>Incluye un Recambio Mopa Limpieza Profunda de Microfibra Bona y un Recambio Mopa de Microfibra para Barrer Multisuperficies Bona Pet System\u2122.<\/li>\n<li>Seguro para todas las superficies de madera y suelos duros<\/li>\n<\/ul>\n<p>Rel\u00e1jese, Bona le facilita el cuidado de sus suelos de superficie dura. Cuando se trata de limpiar la suciedad de nuestros amigos peludos, recurra a la marca en la que conf\u00edan los profesionales de la limpieza de suelos desde 1919. El limpiador de suelos oxigenado de Bona limpia en profundidad y penetra a trav\u00e9s de las manchas adheridas, la suciedad incrustada y los accidentes de sus mascotas, con el poder limpiador del per\u00f3xido de hidr\u00f3geno. La tecnolog\u00eda Odour Guard Technology\u2122 elimina y neutraliza la orina y otros olores org\u00e1nicos al contacto. Ama tus suelos con Bona. Soluciones sostenibles para un hogar m\u00e1s limpio y saludable.<\/p>\n<p>Para obtener los mejores resultados, util\u00edcela con el Limpiador para Limpieza Profunda para Suelos de Madera Bona Pet System\u2122 y el Limpiador para Limpieza Profunda para Suelos Laminados y Superficies Duras Bona Pet System\u2122.<\/p>\n<p>Descargar:\u00a0<a href=\"https:\/\/micasabona.es\/pt\/upload\/fichas-tecnicas\/tds---bona-pet-system-premium-pet-microfiber-mop-2402_es.pdf\/\" target=\"_blank\" rel=\"noreferrer noopener\">Ficha T\u00e9cnica<\/a><\/p>","protected":false},"excerpt":{"rendered":"<p><strong>La Mopa Premium de Microfibra Bona Pet System\u2122<\/strong>\u00a0es una mopa ligera y f\u00e1cil de usar en la limpieza de suelos para hogares con mascotas. La Mopa Premium Microfibra para Mascota Bona incluye un mango para mopa telesc\u00f3pico con un cabezal extragrande y un Recambio Mopa Limpieza Profunda de Microfibra Bona y un Recambio Mopa de Microfibra para barrer Multisuperficies Bona Pet System.<\/p>\n<p>Nuestras Bona Spray Mop Premium est\u00e1n especialmente dise\u00f1adas para funcionar a la perfecci\u00f3n con los limpiadores Bona, lo que garantiza unos suelos impecables. El uso de otros limpiadores o de agua corriente podr\u00eda da\u00f1ar sus suelos y reducir la eficacia de la mopa.<\/p>","protected":false},"featured_media":3083,"comment_status":"open","ping_status":"closed","template":"","meta":{"_acf_changed":false},"product_brand":[],"product_cat":[19],"product_tag":[100],"class_list":{"0":"post-3082","1":"product","2":"type-product","3":"status-publish","4":"has-post-thumbnail","6":"product_cat-mopas-y-accesorios","7":"product_tag-mascotas","9":"first","10":"instock","11":"taxable","12":"shipping-taxable","13":"purchasable","14":"product-type-simple"},"acf":[],"_links":{"self":[{"href":"https:\/\/micasabona.es\/pt\/wp-json\/wp\/v2\/product\/3082","targetHints":{"allow":["GET"]}}],"collection":[{"href":"https:\/\/micasabona.es\/pt\/wp-json\/wp\/v2\/product"}],"about":[{"href":"https:\/\/micasabona.es\/pt\/wp-json\/wp\/v2\/types\/product"}],"replies":[{"embeddable":true,"href":"https:\/\/micasabona.es\/pt\/wp-json\/wp\/v2\/comments?post=3082"}],"version-history":[{"count":1,"href":"https:\/\/micasabona.es\/pt\/wp-json\/wp\/v2\/product\/3082\/revisions"}],"predecessor-version":[{"id":3084,"href":"https:\/\/micasabona.es\/pt\/wp-json\/wp\/v2\/product\/3082\/revisions\/3084"}],"wp:featuredmedia":[{"embeddable":true,"href":"https:\/\/micasabona.es\/pt\/wp-json\/wp\/v2\/media\/3083"}],"wp:attachment":[{"href":"https:\/\/micasabona.es\/pt\/wp-json\/wp\/v2\/media?parent=3082"}],"wp:term":[{"taxonomy":"product_brand","embeddable":true,"href":"https:\/\/micasabona.es\/pt\/wp-json\/wp\/v2\/product_brand?post=3082"},{"taxonomy":"product_cat","embeddable":true,"href":"https:\/\/micasabona.es\/pt\/wp-json\/wp\/v2\/product_cat?post=3082"},{"taxonomy":"product_tag","embeddable":true,"href":"https:\/\/micasabona.es\/pt\/wp-json\/wp\/v2\/product_tag?post=3082"}],"curies":[{"name":"wp","href":"https:\/\/api.w.org\/{rel}","templated":true}]}}